{"id":73,"date":"2022-07-20T12:24:27","date_gmt":"2022-07-20T12:24:27","guid":{"rendered":"https:\/\/kine-castel.fr\/?page_id=73"},"modified":"2022-07-21T19:53:39","modified_gmt":"2022-07-21T19:53:39","slug":"ionophorese","status":"publish","type":"page","link":"https:\/\/kine-castel.fr\/?page_id=73","title":{"rendered":"Ionophor\u00e8se"},"content":{"rendered":"<p>[et_pb_section fb_built=\u00a0\u00bb1&Prime; _builder_version=\u00a0\u00bb4.14.9&Prime; _module_preset=\u00a0\u00bbdefault\u00a0\u00bb background_image=\u00a0\u00bbhttps:\/\/kine-castel.fr\/wp-content\/uploads\/2022\/07\/hyperhidrose-ionophorese-hypersudation-traitement-header-1.jpg\u00a0\u00bb background_position=\u00a0\u00bbcenter_right\u00a0\u00bb hover_enabled=\u00a0\u00bb0&Prime; global_colors_info=\u00a0\u00bb{}\u00a0\u00bb bottom_divider_style=\u00a0\u00bbarrow\u00a0\u00bb bottom_divider_color=\u00a0\u00bb#F2EEEB\u00a0\u00bb bottom_divider_height=\u00a0\u00bb30px\u00a0\u00bb sticky_enabled=\u00a0\u00bb0&Prime; bottom_divider_flip=\u00a0\u00bbvertical\u00a0\u00bb][et_pb_row _builder_version=\u00a0\u00bb4.14.9&Prime; _module_preset=\u00a0\u00bbdefault\u00a0\u00bb global_colors_info=\u00a0\u00bb{}\u00a0\u00bb][et_pb_column type=\u00a0\u00bb4_4&Prime; _builder_version=\u00a0\u00bb4.14.9&Prime; _module_preset=\u00a0\u00bbdefault\u00a0\u00bb global_colors_info=\u00a0\u00bb{}\u00a0\u00bb][et_pb_divider show_divider=\u00a0\u00bboff\u00a0\u00bb _builder_version=\u00a0\u00bb4.14.9&Prime; _module_preset=\u00a0\u00bbdefault\u00a0\u00bb height=\u00a0\u00bb40px\u00a0\u00bb global_colors_info=\u00a0\u00bb{}\u00a0\u00bb][\/et_pb_divider][et_pb_text _builder_version=\u00a0\u00bb4.14.9&Prime; _module_preset=\u00a0\u00bbdefault\u00a0\u00bb header_text_align=\u00a0\u00bbcenter\u00a0\u00bb header_text_color=\u00a0\u00bb#090909&Prime; header_2_text_align=\u00a0\u00bbcenter\u00a0\u00bb background_color=\u00a0\u00bbrgba(255,255,255,0.32)\u00a0\u00bb custom_padding=\u00a0\u00bb20px||10px||false|false\u00a0\u00bb header_text_shadow_style=\u00a0\u00bbpreset3&Prime; header_text_shadow_blur_strength=\u00a0\u00bb1.21em\u00a0\u00bb header_text_shadow_color=\u00a0\u00bb#FFFFFF\u00a0\u00bb header_2_text_shadow_style=\u00a0\u00bbpreset3&Prime; header_2_text_shadow_blur_strength=\u00a0\u00bb0.99em\u00a0\u00bb header_2_text_shadow_color=\u00a0\u00bb#FFFFFF\u00a0\u00bb global_colors_info=\u00a0\u00bb{}\u00a0\u00bb]<\/p>\n<h1>Ionophor\u00e8se<\/h1>\n<h2>Stoppez votre hyperhidrose ou hypersudation \u00e0 Castelnaudary<\/h2>\n<p>[\/et_pb_text][et_pb_divider show_divider=\u00a0\u00bboff\u00a0\u00bb _builder_version=\u00a0\u00bb4.14.9&Prime; _module_preset=\u00a0\u00bbdefault\u00a0\u00bb height=\u00a0\u00bb40px\u00a0\u00bb global_colors_info=\u00a0\u00bb{}\u00a0\u00bb][\/et_pb_divider][et_pb_button button_url=\u00a0\u00bbhttps:\/\/www.doctolib.fr\/masseur-kinesitherapeute\/toulouse\/fabien-cadel\u00a0\u00bb button_text=\u00a0\u00bbPrendre rendez-vous\u00a0\u00bb button_alignment=\u00a0\u00bbcenter\u00a0\u00bb _builder_version=\u00a0\u00bb4.14.9&Prime; _module_preset=\u00a0\u00bbdefault\u00a0\u00bb custom_button=\u00a0\u00bbon\u00a0\u00bb button_text_color=\u00a0\u00bb#FFFFFF\u00a0\u00bb button_bg_color=\u00a0\u00bb#F46E00&Prime; button_border_color=\u00a0\u00bb#F46E00&Prime; button_border_radius=\u00a0\u00bb34px\u00a0\u00bb background_layout=\u00a0\u00bbdark\u00a0\u00bb global_colors_info=\u00a0\u00bb{}\u00a0\u00bb][\/et_pb_button][\/et_pb_column][\/et_pb_row][\/et_pb_section][et_pb_section fb_built=\u00a0\u00bb1&Prime; theme_builder_area=\u00a0\u00bbpost_content\u00a0\u00bb _builder_version=\u00a0\u00bb4.14.9&Prime; _module_preset=\u00a0\u00bbdefault\u00a0\u00bb background_color=\u00a0\u00bb#F2EEEB\u00a0\u00bb bottom_divider_style=\u00a0\u00bbarrow\u00a0\u00bb bottom_divider_color=\u00a0\u00bb#FFFFFF\u00a0\u00bb bottom_divider_height=\u00a0\u00bb30px\u00a0\u00bb hover_enabled=\u00a0\u00bb0&Prime; sticky_enabled=\u00a0\u00bb0&Prime;][et_pb_row _builder_version=\u00a0\u00bb4.14.9&Prime; _module_preset=\u00a0\u00bbdefault\u00a0\u00bb theme_builder_area=\u00a0\u00bbpost_content\u00a0\u00bb][et_pb_column _builder_version=\u00a0\u00bb4.14.9&Prime; _module_preset=\u00a0\u00bbdefault\u00a0\u00bb type=\u00a0\u00bb4_4&Prime; theme_builder_area=\u00a0\u00bbpost_content\u00a0\u00bb][et_pb_text _builder_version=\u00a0\u00bb4.14.9&Prime; _module_preset=\u00a0\u00bbdefault\u00a0\u00bb global_colors_info=\u00a0\u00bb{}\u00a0\u00bb theme_builder_area=\u00a0\u00bbpost_content\u00a0\u00bb]<\/p>\n<h4 style=\"text-align: center;\"><span style=\"font-weight: 400;\">La ionophor\u00e8se est un traitement efficace et naturel pour lutter contre le sudation excessive des pieds, des mains mais aussi des aisselles. Ce traitement est \u00e9galement efficace pour traiter les verrues (par simple ajout de salicylate de sodium).<\/span><\/h4>\n<p>[\/et_pb_text][et_pb_button button_url=\u00a0\u00bbhttps:\/\/www.doctolib.fr\/masseur-kinesitherapeute\/toulouse\/fabien-cadel\u00a0\u00bb button_text=\u00a0\u00bbPrendre rendez-vous\u00a0\u00bb button_alignment=\u00a0\u00bbcenter\u00a0\u00bb _builder_version=\u00a0\u00bb4.14.9&Prime; _module_preset=\u00a0\u00bbdefault\u00a0\u00bb custom_button=\u00a0\u00bbon\u00a0\u00bb button_text_color=\u00a0\u00bb#FFFFFF\u00a0\u00bb button_bg_color=\u00a0\u00bb#F46E00&Prime; button_border_color=\u00a0\u00bb#F46E00&Prime; button_border_radius=\u00a0\u00bb34px\u00a0\u00bb background_layout=\u00a0\u00bbdark\u00a0\u00bb global_colors_info=\u00a0\u00bb{}\u00a0\u00bb theme_builder_area=\u00a0\u00bbpost_content\u00a0\u00bb][\/et_pb_button][\/et_pb_column][\/et_pb_row][\/et_pb_section][et_pb_section fb_built=\u00a0\u00bb1&Prime; _builder_version=\u00a0\u00bb4.14.9&Prime; _module_preset=\u00a0\u00bbdefault\u00a0\u00bb custom_padding=\u00a0\u00bb14px||8px|||\u00a0\u00bb global_colors_info=\u00a0\u00bb{}\u00a0\u00bb][et_pb_row column_structure=\u00a0\u00bb1_2,1_2&Prime; _builder_version=\u00a0\u00bb4.14.9&Prime; _module_preset=\u00a0\u00bbdefault\u00a0\u00bb global_colors_info=\u00a0\u00bb{}\u00a0\u00bb][et_pb_column type=\u00a0\u00bb1_2&Prime; _builder_version=\u00a0\u00bb4.14.9&Prime; _module_preset=\u00a0\u00bbdefault\u00a0\u00bb global_colors_info=\u00a0\u00bb{}\u00a0\u00bb][et_pb_image src=\u00a0\u00bbhttps:\/\/kine-castel.fr\/wp-content\/uploads\/2022\/07\/hypersudation-traitement-ionophorese.jpg\u00a0\u00bb title_text=\u00a0\u00bbhypersudation-traitement-ionophorese\u00a0\u00bb _builder_version=\u00a0\u00bb4.14.9&Prime; _module_preset=\u00a0\u00bbdefault\u00a0\u00bb global_colors_info=\u00a0\u00bb{}\u00a0\u00bb][\/et_pb_image][\/et_pb_column][et_pb_column type=\u00a0\u00bb1_2&Prime; _builder_version=\u00a0\u00bb4.14.9&Prime; _module_preset=\u00a0\u00bbdefault\u00a0\u00bb global_colors_info=\u00a0\u00bb{}\u00a0\u00bb][et_pb_text _builder_version=\u00a0\u00bb4.14.9&Prime; _module_preset=\u00a0\u00bbdefault\u00a0\u00bb global_colors_info=\u00a0\u00bb{}\u00a0\u00bb]<\/p>\n<h3><span style=\"font-weight: 400;\">Cette m\u00e9thode naturelle utilise un principe simple du corps: <\/span><\/h3>\n<p><span style=\"font-weight: 400;\">La D\u00e9fense en cas d\u2019agression. En effet le courant \u00e9lectrique de faible intensit\u00e9 (donc indolore) g\u00e9n\u00e9r\u00e9 par la machine va venir agresser l\u00e9g\u00e8rement la peau qui va en r\u00e9action s\u2019\u00e9paissir (microscopiquement parlant) ce qui bloquera l\u2019abouchement des canaux excr\u00e9teurs des glandes sudoripares.<\/span><\/p>\n<p>[\/et_pb_text][et_pb_text _builder_version=\u00a0\u00bb4.14.9&Prime; _module_preset=\u00a0\u00bbdefault\u00a0\u00bb global_colors_info=\u00a0\u00bb{}\u00a0\u00bb]<\/p>\n<h3><span style=\"font-weight: 400;\">D\u00e9roulement d\u2019une s\u00e9ance:\u00a0<\/span><\/h3>\n<p><span style=\"font-weight: 400;\">La s\u00e9ance dure environ 30 minutes. Le patient plonge ses mains et\/ou ses pieds dans des bassines remplies d\u2019eau. Dans ces bassines sont \u00e9galement pr\u00e9sentent les \u00e9lectrodes n\u00e9cessaires au traitement.\u00a0<\/span><\/p>\n<p>[\/et_pb_text][\/et_pb_column][\/et_pb_row][\/et_pb_section][et_pb_section fb_built=\u00a0\u00bb1&Prime; _builder_version=\u00a0\u00bb4.14.9&Prime; _module_preset=\u00a0\u00bbdefault\u00a0\u00bb custom_padding=\u00a0\u00bb14px||8px|||\u00a0\u00bb global_colors_info=\u00a0\u00bb{}\u00a0\u00bb][et_pb_row column_structure=\u00a0\u00bb1_2,1_2&Prime; _builder_version=\u00a0\u00bb4.14.9&Prime; _module_preset=\u00a0\u00bbdefault\u00a0\u00bb global_colors_info=\u00a0\u00bb{}\u00a0\u00bb][et_pb_column type=\u00a0\u00bb1_2&Prime; _builder_version=\u00a0\u00bb4.14.9&Prime; _module_preset=\u00a0\u00bbdefault\u00a0\u00bb global_colors_info=\u00a0\u00bb{}\u00a0\u00bb][et_pb_text _builder_version=\u00a0\u00bb4.14.9&Prime; _module_preset=\u00a0\u00bbdefault\u00a0\u00bb global_colors_info=\u00a0\u00bb{}\u00a0\u00bb]<\/p>\n<h3><span style=\"font-weight: 400;\">La s\u00e9ance se divise en deux phases:<\/span><\/h3>\n<ul>\n<li style=\"font-weight: 400;\" aria-level=\"1\"><span style=\"font-weight: 400;\">Le courant passe dans un sens durant 10 minutes<\/span><\/li>\n<li style=\"font-weight: 400;\" aria-level=\"1\"><span style=\"font-weight: 400;\">Le courant passe dans l\u2019autre sens durant le temps restant<\/span><\/li>\n<\/ul>\n<p><span style=\"font-weight: 400;\">Pour les enfants et les personnes tr\u00e8s sensibles, l\u2019utilisation d\u2019un courant puls\u00e9 donc plus doux au ressenti.<\/span><\/p>\n<p>[\/et_pb_text][et_pb_text _builder_version=\u00a0\u00bb4.14.9&Prime; _module_preset=\u00a0\u00bbdefault\u00a0\u00bb global_colors_info=\u00a0\u00bb{}\u00a0\u00bb]<\/p>\n<h3><span style=\"font-weight: 400;\">Fr\u00e9quence des s\u00e9ances:<\/span><\/h3>\n<p><span style=\"font-weight: 400;\">Il est pr\u00e9conis\u00e9 d\u2019effectuer 3 s\u00e9ances par semaine durant la premi\u00e8re quinzaine du traitement.\u00a0<\/span><\/p>\n<p><span style=\"font-weight: 400;\">Apr\u00e8s ces 15 premiers jours il est conseill\u00e9 de faire 2 s\u00e9ances par semaine jusqu\u2019\u00e0 obtention de zones s\u00e8ches sur les parties trait\u00e9es.<\/span><\/p>\n<p><span style=\"font-weight: 400;\">Un traitement de fond \u00e0 raison d\u2019une s\u00e9ance par semaine sera utile pour \u00e9viter les r\u00e9cidives trop rapides. En hiver il sera m\u00eame possible d\u2019arr\u00eater les s\u00e9ances.<\/span><\/p>\n<p>[\/et_pb_text][\/et_pb_column][et_pb_column type=\u00a0\u00bb1_2&Prime; _builder_version=\u00a0\u00bb4.14.9&Prime; _module_preset=\u00a0\u00bbdefault\u00a0\u00bb global_colors_info=\u00a0\u00bb{}\u00a0\u00bb][et_pb_image src=\u00a0\u00bbhttps:\/\/kine-castel.fr\/wp-content\/uploads\/2022\/07\/traspiration-main-traitement-kine.jpg\u00a0\u00bb title_text=\u00a0\u00bbtraspiration-main-traitement-kine\u00a0\u00bb _builder_version=\u00a0\u00bb4.14.9&Prime; _module_preset=\u00a0\u00bbdefault\u00a0\u00bb global_colors_info=\u00a0\u00bb{}\u00a0\u00bb][\/et_pb_image][\/et_pb_column][\/et_pb_row][\/et_pb_section][et_pb_section fb_built=\u00a0\u00bb1&Prime; theme_builder_area=\u00a0\u00bbpost_content\u00a0\u00bb _builder_version=\u00a0\u00bb4.14.9&Prime; _module_preset=\u00a0\u00bbdefault\u00a0\u00bb title_text=\u00a0\u00bbS\u00e9ance photo cabinet du kinesitherapeuthe\u00a0\u00bb background_image=\u00a0\u00bbhttps:\/\/kine-castel.fr\/wp-content\/uploads\/2022\/07\/appareil-ionophorese-kine-castel.jpg\u00a0\u00bb hover_enabled=\u00a0\u00bb0&Prime; sticky_enabled=\u00a0\u00bb0&Prime; top_divider_style=\u00a0\u00bbarrow\u00a0\u00bb top_divider_height=\u00a0\u00bb27px\u00a0\u00bb prev_background_color=\u00a0\u00bb#ffffff\u00a0\u00bb][et_pb_row _builder_version=\u00a0\u00bb4.14.9&Prime; _module_preset=\u00a0\u00bbdefault\u00a0\u00bb theme_builder_area=\u00a0\u00bbpost_content\u00a0\u00bb][et_pb_column _builder_version=\u00a0\u00bb4.14.9&Prime; _module_preset=\u00a0\u00bbdefault\u00a0\u00bb type=\u00a0\u00bb4_4&Prime; theme_builder_area=\u00a0\u00bbpost_content\u00a0\u00bb][et_pb_divider _builder_version=\u00a0\u00bb4.14.9&Prime; _module_preset=\u00a0\u00bbdefault\u00a0\u00bb theme_builder_area=\u00a0\u00bbpost_content\u00a0\u00bb show_divider=\u00a0\u00bboff\u00a0\u00bb height=\u00a0\u00bb60px\u00a0\u00bb hover_enabled=\u00a0\u00bb0&Prime; sticky_enabled=\u00a0\u00bb0&Prime;][\/et_pb_divider][et_pb_button button_url=\u00a0\u00bbhttps:\/\/www.doctolib.fr\/masseur-kinesitherapeute\/toulouse\/fabien-cadel\u00a0\u00bb button_text=\u00a0\u00bbPrendre rendez-vous\u00a0\u00bb button_alignment=\u00a0\u00bbcenter\u00a0\u00bb _builder_version=\u00a0\u00bb4.14.9&Prime; _module_preset=\u00a0\u00bbdefault\u00a0\u00bb custom_button=\u00a0\u00bbon\u00a0\u00bb button_text_color=\u00a0\u00bb#FFFFFF\u00a0\u00bb button_bg_color=\u00a0\u00bb#F46E00&Prime; button_border_color=\u00a0\u00bb#F46E00&Prime; button_border_radius=\u00a0\u00bb34px\u00a0\u00bb background_layout=\u00a0\u00bbdark\u00a0\u00bb global_colors_info=\u00a0\u00bb{}\u00a0\u00bb theme_builder_area=\u00a0\u00bbpost_content\u00a0\u00bb][\/et_pb_button][et_pb_divider _builder_version=\u00a0\u00bb4.14.9&Prime; _module_preset=\u00a0\u00bbdefault\u00a0\u00bb theme_builder_area=\u00a0\u00bbpost_content\u00a0\u00bb show_divider=\u00a0\u00bboff\u00a0\u00bb height=\u00a0\u00bb60px\u00a0\u00bb hover_enabled=\u00a0\u00bb0&Prime; sticky_enabled=\u00a0\u00bb0&Prime;][\/et_pb_divider][\/et_pb_column][\/et_pb_row][\/et_pb_section]<\/p>\n","protected":false},"excerpt":{"rendered":"<p>Ionophor\u00e8se Stoppez votre hyperhidrose ou hypersudation \u00e0 CastelnaudaryLa ionophor\u00e8se est un traitement efficace et naturel pour lutter contre le sudation excessive des pieds, des mains mais aussi des aisselles. Ce traitement est \u00e9galement efficace pour traiter les verrues (par simple ajout de salicylate de sodium).Cette m\u00e9thode naturelle utilise un principe simple du corps: La D\u00e9fense [&hellip;]<\/p>\n","protected":false},"author":2,"featured_media":0,"parent":0,"menu_order":0,"comment_status":"closed","ping_status":"closed","template":"","meta":{"_et_pb_use_builder":"on","_et_pb_old_content":"","_et_gb_content_width":"","footnotes":""},"class_list":["post-73","page","type-page","status-publish","hentry"],"yoast_head":"<!-- This site is optimized with the Yoast SEO plugin v19.3 - https:\/\/yoast.com\/wordpress\/plugins\/seo\/ -->\n<title>Ionophor\u00e8se - Kin\u00e9 Castel<\/title>\n<meta name=\"robots\" content=\"index, follow, max-snippet:-1, max-image-preview:large, max-video-preview:-1\" \/>\n<link rel=\"canonical\" href=\"https:\/\/kine-castel.fr\/?page_id=73\" \/>\n<meta property=\"og:locale\" content=\"fr_FR\" \/>\n<meta property=\"og:type\" content=\"article\" \/>\n<meta property=\"og:title\" content=\"Ionophor\u00e8se - Kin\u00e9 Castel\" \/>\n<meta property=\"og:description\" content=\"Ionophor\u00e8se Stoppez votre hyperhidrose ou hypersudation \u00e0 CastelnaudaryLa ionophor\u00e8se est un traitement efficace et naturel pour lutter contre le sudation excessive des pieds, des mains mais aussi des aisselles. Ce traitement est \u00e9galement efficace pour traiter les verrues (par simple ajout de salicylate de sodium).Cette m\u00e9thode naturelle utilise un principe simple du corps: La D\u00e9fense [&hellip;]\" \/>\n<meta property=\"og:url\" content=\"https:\/\/kine-castel.fr\/?page_id=73\" \/>\n<meta property=\"og:site_name\" content=\"Kin\u00e9 Castel\" \/>\n<meta property=\"article:modified_time\" content=\"2022-07-21T19:53:39+00:00\" \/>\n<meta name=\"twitter:card\" content=\"summary_large_image\" \/>\n<script type=\"application\/ld+json\" class=\"yoast-schema-graph\">{\"@context\":\"https:\/\/schema.org\",\"@graph\":[{\"@type\":\"WebSite\",\"@id\":\"https:\/\/kine-castel.fr\/#website\",\"url\":\"https:\/\/kine-castel.fr\/\",\"name\":\"Kin\u00e9 Castel\",\"description\":\"Fabien Cadel, masseur-kin\u00e9sith\u00e9rapeute \u00e0 Castelnaudary\",\"potentialAction\":[{\"@type\":\"SearchAction\",\"target\":{\"@type\":\"EntryPoint\",\"urlTemplate\":\"https:\/\/kine-castel.fr\/?s={search_term_string}\"},\"query-input\":\"required name=search_term_string\"}],\"inLanguage\":\"fr-FR\"},{\"@type\":\"WebPage\",\"@id\":\"https:\/\/kine-castel.fr\/?page_id=73\",\"url\":\"https:\/\/kine-castel.fr\/?page_id=73\",\"name\":\"Ionophor\u00e8se - Kin\u00e9 Castel\",\"isPartOf\":{\"@id\":\"https:\/\/kine-castel.fr\/#website\"},\"datePublished\":\"2022-07-20T12:24:27+00:00\",\"dateModified\":\"2022-07-21T19:53:39+00:00\",\"breadcrumb\":{\"@id\":\"https:\/\/kine-castel.fr\/?page_id=73#breadcrumb\"},\"inLanguage\":\"fr-FR\",\"potentialAction\":[{\"@type\":\"ReadAction\",\"target\":[\"https:\/\/kine-castel.fr\/?page_id=73\"]}]},{\"@type\":\"BreadcrumbList\",\"@id\":\"https:\/\/kine-castel.fr\/?page_id=73#breadcrumb\",\"itemListElement\":[{\"@type\":\"ListItem\",\"position\":1,\"name\":\"Accueil\",\"item\":\"https:\/\/kine-castel.fr\/\"},{\"@type\":\"ListItem\",\"position\":2,\"name\":\"Ionophor\u00e8se\"}]}]}<\/script>\n<!-- \/ Yoast SEO plugin. -->","yoast_head_json":{"title":"Ionophor\u00e8se - Kin\u00e9 Castel","robots":{"index":"index","follow":"follow","max-snippet":"max-snippet:-1","max-image-preview":"max-image-preview:large","max-video-preview":"max-video-preview:-1"},"canonical":"https:\/\/kine-castel.fr\/?page_id=73","og_locale":"fr_FR","og_type":"article","og_title":"Ionophor\u00e8se - Kin\u00e9 Castel","og_description":"Ionophor\u00e8se Stoppez votre hyperhidrose ou hypersudation \u00e0 CastelnaudaryLa ionophor\u00e8se est un traitement efficace et naturel pour lutter contre le sudation excessive des pieds, des mains mais aussi des aisselles. Ce traitement est \u00e9galement efficace pour traiter les verrues (par simple ajout de salicylate de sodium).Cette m\u00e9thode naturelle utilise un principe simple du corps: La D\u00e9fense [&hellip;]","og_url":"https:\/\/kine-castel.fr\/?page_id=73","og_site_name":"Kin\u00e9 Castel","article_modified_time":"2022-07-21T19:53:39+00:00","twitter_card":"summary_large_image","schema":{"@context":"https:\/\/schema.org","@graph":[{"@type":"WebSite","@id":"https:\/\/kine-castel.fr\/#website","url":"https:\/\/kine-castel.fr\/","name":"Kin\u00e9 Castel","description":"Fabien Cadel, masseur-kin\u00e9sith\u00e9rapeute \u00e0 Castelnaudary","potentialAction":[{"@type":"SearchAction","target":{"@type":"EntryPoint","urlTemplate":"https:\/\/kine-castel.fr\/?s={search_term_string}"},"query-input":"required name=search_term_string"}],"inLanguage":"fr-FR"},{"@type":"WebPage","@id":"https:\/\/kine-castel.fr\/?page_id=73","url":"https:\/\/kine-castel.fr\/?page_id=73","name":"Ionophor\u00e8se - Kin\u00e9 Castel","isPartOf":{"@id":"https:\/\/kine-castel.fr\/#website"},"datePublished":"2022-07-20T12:24:27+00:00","dateModified":"2022-07-21T19:53:39+00:00","breadcrumb":{"@id":"https:\/\/kine-castel.fr\/?page_id=73#breadcrumb"},"inLanguage":"fr-FR","potentialAction":[{"@type":"ReadAction","target":["https:\/\/kine-castel.fr\/?page_id=73"]}]},{"@type":"BreadcrumbList","@id":"https:\/\/kine-castel.fr\/?page_id=73#breadcrumb","itemListElement":[{"@type":"ListItem","position":1,"name":"Accueil","item":"https:\/\/kine-castel.fr\/"},{"@type":"ListItem","position":2,"name":"Ionophor\u00e8se"}]}]}},"_links":{"self":[{"href":"https:\/\/kine-castel.fr\/index.php?rest_route=\/wp\/v2\/pages\/73","targetHints":{"allow":["GET"]}}],"collection":[{"href":"https:\/\/kine-castel.fr\/index.php?rest_route=\/wp\/v2\/pages"}],"about":[{"href":"https:\/\/kine-castel.fr\/index.php?rest_route=\/wp\/v2\/types\/page"}],"author":[{"embeddable":true,"href":"https:\/\/kine-castel.fr\/index.php?rest_route=\/wp\/v2\/users\/2"}],"replies":[{"embeddable":true,"href":"https:\/\/kine-castel.fr\/index.php?rest_route=%2Fwp%2Fv2%2Fcomments&post=73"}],"version-history":[{"count":4,"href":"https:\/\/kine-castel.fr\/index.php?rest_route=\/wp\/v2\/pages\/73\/revisions"}],"predecessor-version":[{"id":129,"href":"https:\/\/kine-castel.fr\/index.php?rest_route=\/wp\/v2\/pages\/73\/revisions\/129"}],"wp:attachment":[{"href":"https:\/\/kine-castel.fr\/index.php?rest_route=%2Fwp%2Fv2%2Fmedia&parent=73"}],"curies":[{"name":"wp","href":"https:\/\/api.w.org\/{rel}","templated":true}]}}