{"id":63,"date":"2022-07-20T12:00:32","date_gmt":"2022-07-20T12:00:32","guid":{"rendered":"https:\/\/kine-castel.fr\/?page_id=63"},"modified":"2022-10-12T05:19:02","modified_gmt":"2022-10-12T05:19:02","slug":"onde-de-choc","status":"publish","type":"page","link":"https:\/\/kine-castel.fr\/?page_id=63","title":{"rendered":"Onde de choc"},"content":{"rendered":"<p>[et_pb_section fb_built=\u00a0\u00bb1&Prime; _builder_version=\u00a0\u00bb4.14.9&Prime; _module_preset=\u00a0\u00bbdefault\u00a0\u00bb background_image=\u00a0\u00bbhttps:\/\/kine-castel.fr\/wp-content\/uploads\/2022\/07\/kine-onde-choc-castalnaudary-header-3.jpg\u00a0\u00bb background_position=\u00a0\u00bbcenter_right\u00a0\u00bb global_colors_info=\u00a0\u00bb{}\u00a0\u00bb][et_pb_row _builder_version=\u00a0\u00bb4.14.9&Prime; _module_preset=\u00a0\u00bbdefault\u00a0\u00bb global_colors_info=\u00a0\u00bb{}\u00a0\u00bb][et_pb_column type=\u00a0\u00bb4_4&Prime; _builder_version=\u00a0\u00bb4.14.9&Prime; _module_preset=\u00a0\u00bbdefault\u00a0\u00bb global_colors_info=\u00a0\u00bb{}\u00a0\u00bb][et_pb_divider show_divider=\u00a0\u00bboff\u00a0\u00bb _builder_version=\u00a0\u00bb4.14.9&Prime; _module_preset=\u00a0\u00bbdefault\u00a0\u00bb height=\u00a0\u00bb40px\u00a0\u00bb global_colors_info=\u00a0\u00bb{}\u00a0\u00bb][\/et_pb_divider][et_pb_text _builder_version=\u00a0\u00bb4.14.9&Prime; _module_preset=\u00a0\u00bbdefault\u00a0\u00bb header_text_align=\u00a0\u00bbcenter\u00a0\u00bb header_text_color=\u00a0\u00bb#090909&Prime; header_2_text_align=\u00a0\u00bbcenter\u00a0\u00bb background_color=\u00a0\u00bbrgba(255,255,255,0.32)\u00a0\u00bb custom_padding=\u00a0\u00bb20px||10px||false|false\u00a0\u00bb hover_enabled=\u00a0\u00bb0&Prime; header_text_shadow_style=\u00a0\u00bbpreset3&Prime; header_text_shadow_blur_strength=\u00a0\u00bb1.21em\u00a0\u00bb header_text_shadow_color=\u00a0\u00bb#FFFFFF\u00a0\u00bb header_2_text_shadow_style=\u00a0\u00bbpreset3&Prime; header_2_text_shadow_blur_strength=\u00a0\u00bb0.99em\u00a0\u00bb header_2_text_shadow_color=\u00a0\u00bb#FFFFFF\u00a0\u00bb global_colors_info=\u00a0\u00bb{}\u00a0\u00bb sticky_enabled=\u00a0\u00bb0&Prime;]<\/p>\n<h1>Ondes de choc<\/h1>\n<h2>Faites vous soigner par ondes de choc au cabinet kin\u00e9 castel \u00e0 Castelnaudary<\/h2>\n<p>[\/et_pb_text][et_pb_divider show_divider=\u00a0\u00bboff\u00a0\u00bb _builder_version=\u00a0\u00bb4.14.9&Prime; _module_preset=\u00a0\u00bbdefault\u00a0\u00bb height=\u00a0\u00bb40px\u00a0\u00bb global_colors_info=\u00a0\u00bb{}\u00a0\u00bb][\/et_pb_divider][et_pb_button button_url=\u00a0\u00bbhttps:\/\/www.doctolib.fr\/masseur-kinesitherapeute\/toulouse\/fabien-cadel\u00a0\u00bb button_text=\u00a0\u00bbPrendre rendez-vous\u00a0\u00bb button_alignment=\u00a0\u00bbcenter\u00a0\u00bb _builder_version=\u00a0\u00bb4.14.9&Prime; _module_preset=\u00a0\u00bbdefault\u00a0\u00bb custom_button=\u00a0\u00bbon\u00a0\u00bb button_text_color=\u00a0\u00bb#FFFFFF\u00a0\u00bb button_bg_color=\u00a0\u00bb#F46E00&Prime; button_border_color=\u00a0\u00bb#F46E00&Prime; button_border_radius=\u00a0\u00bb34px\u00a0\u00bb background_layout=\u00a0\u00bbdark\u00a0\u00bb global_colors_info=\u00a0\u00bb{}\u00a0\u00bb][\/et_pb_button][\/et_pb_column][\/et_pb_row][\/et_pb_section][et_pb_section fb_built=\u00a0\u00bb1&Prime; _builder_version=\u00a0\u00bb4.14.9&Prime; _module_preset=\u00a0\u00bbdefault\u00a0\u00bb background_color=\u00a0\u00bb#F2EEEB\u00a0\u00bb global_colors_info=\u00a0\u00bb{}\u00a0\u00bb][et_pb_row _builder_version=\u00a0\u00bb4.14.9&Prime; _module_preset=\u00a0\u00bbdefault\u00a0\u00bb global_colors_info=\u00a0\u00bb{}\u00a0\u00bb][et_pb_column type=\u00a0\u00bb4_4&Prime; _builder_version=\u00a0\u00bb4.14.9&Prime; _module_preset=\u00a0\u00bbdefault\u00a0\u00bb global_colors_info=\u00a0\u00bb{}\u00a0\u00bb][et_pb_text _builder_version=\u00a0\u00bb4.14.9&Prime; _module_preset=\u00a0\u00bbdefault\u00a0\u00bb global_colors_info=\u00a0\u00bb{}\u00a0\u00bb]<\/p>\n<h2><span style=\"font-weight: 400;\">Le cabinet Kin\u00e9 Castel est dot\u00e9 des ondes de choc radiales de derni\u00e8re g\u00e9n\u00e9ration.<\/span><\/h2>\n<h4 style=\"text-align: center;\"><\/h4>\n<h3><span style=\"font-weight: 400;\">Mode de fonctionnement :<\/span><\/h3>\n<p><span style=\"font-weight: 400;\">Le kin\u00e9 place une sorte de petit pistolet \u00e0 l\u2019endroit voulu. Ce pistolet va g\u00e9n\u00e9rer une onde qui va choquer le tendon, la calcification, la fibrose.. cela produit une r\u00e9action autonome du corps qui va de ce fait augmenter le flux sanguin dans la zone choqu\u00e9e.\u00a0<\/span><\/p>\n<p><span style=\"font-weight: 400;\">Ce sang riche en oxyg\u00e8ne contient naturellement tous les facteurs utiles \u00e0 la r\u00e9duction de l\u2019inflammation, la r\u00e9g\u00e9n\u00e9ration des tissus et \u00e0 la cicatrisation des micro-l\u00e9sions induites par les ondes de choc.<\/span><\/p>\n<p>&nbsp;<\/p>\n<p>[\/et_pb_text][et_pb_button button_url=\u00a0\u00bbhttps:\/\/www.doctolib.fr\/masseur-kinesitherapeute\/toulouse\/fabien-cadel\u00a0\u00bb button_text=\u00a0\u00bbPrendre rendez-vous\u00a0\u00bb button_alignment=\u00a0\u00bbcenter\u00a0\u00bb _builder_version=\u00a0\u00bb4.14.9&Prime; _module_preset=\u00a0\u00bbdefault\u00a0\u00bb custom_button=\u00a0\u00bbon\u00a0\u00bb button_text_color=\u00a0\u00bb#FFFFFF\u00a0\u00bb button_bg_color=\u00a0\u00bb#F46E00&Prime; button_border_color=\u00a0\u00bb#F46E00&Prime; button_border_radius=\u00a0\u00bb34px\u00a0\u00bb background_layout=\u00a0\u00bbdark\u00a0\u00bb global_colors_info=\u00a0\u00bb{}\u00a0\u00bb][\/et_pb_button][\/et_pb_column][\/et_pb_row][\/et_pb_section][et_pb_section fb_built=\u00a0\u00bb1&Prime; _builder_version=\u00a0\u00bb4.14.9&Prime; _module_preset=\u00a0\u00bbdefault\u00a0\u00bb custom_padding=\u00a0\u00bb14px||8px|||\u00a0\u00bb global_colors_info=\u00a0\u00bb{}\u00a0\u00bb][et_pb_row column_structure=\u00a0\u00bb1_2,1_2&Prime; _builder_version=\u00a0\u00bb4.14.9&Prime; _module_preset=\u00a0\u00bbdefault\u00a0\u00bb global_colors_info=\u00a0\u00bb{}\u00a0\u00bb][et_pb_column type=\u00a0\u00bb1_2&Prime; _builder_version=\u00a0\u00bb4.14.9&Prime; _module_preset=\u00a0\u00bbdefault\u00a0\u00bb global_colors_info=\u00a0\u00bb{}\u00a0\u00bb][et_pb_image src=\u00a0\u00bbhttps:\/\/kine-castel.fr\/wp-content\/uploads\/2022\/07\/kine-onde-choc-castalnaudary.jpg\u00a0\u00bb title_text=\u00a0\u00bbkine-onde-choc-castalnaudary\u00a0\u00bb _builder_version=\u00a0\u00bb4.14.9&Prime; _module_preset=\u00a0\u00bbdefault\u00a0\u00bb global_colors_info=\u00a0\u00bb{}\u00a0\u00bb][\/et_pb_image][\/et_pb_column][et_pb_column type=\u00a0\u00bb1_2&Prime; _builder_version=\u00a0\u00bb4.14.9&Prime; _module_preset=\u00a0\u00bbdefault\u00a0\u00bb global_colors_info=\u00a0\u00bb{}\u00a0\u00bb][et_pb_text _builder_version=\u00a0\u00bb4.14.9&Prime; _module_preset=\u00a0\u00bbdefault\u00a0\u00bb global_colors_info=\u00a0\u00bb{}\u00a0\u00bb]<\/p>\n<p><span style=\"font-weight: 400;\">Ce traitement peut \u00eatre l\u00e9g\u00e8rement douloureux sur les premi\u00e8res s\u00e9ances mais cette sensation diminue rapidement \u00e0 l\u2019avanc\u00e9e du traitement.<\/span><\/p>\n<p><span style=\"font-weight: 400;\">Le couplage de cette technique avec d\u2019autres techniques comme le Ktape, les postures et les exercices rythm\u00e9s augmentent les effets des ondes de choc.<\/span><\/p>\n<p><span style=\"font-weight: 400;\">Le rythme des s\u00e9ances est d&rsquo; une s\u00e9ance par semaine et dure environ 5 \u00e0 10 minutes auxquelles il faut ajouter les exercices<\/span><\/p>\n<p>[\/et_pb_text][\/et_pb_column][\/et_pb_row][\/et_pb_section][et_pb_section fb_built=\u00a0\u00bb1&Prime; _builder_version=\u00a0\u00bb4.14.9&Prime; _module_preset=\u00a0\u00bbdefault\u00a0\u00bb custom_padding=\u00a0\u00bb14px||8px|||\u00a0\u00bb global_colors_info=\u00a0\u00bb{}\u00a0\u00bb][et_pb_row column_structure=\u00a0\u00bb1_2,1_2&Prime; _builder_version=\u00a0\u00bb4.14.9&Prime; _module_preset=\u00a0\u00bbdefault\u00a0\u00bb global_colors_info=\u00a0\u00bb{}\u00a0\u00bb][et_pb_column type=\u00a0\u00bb1_2&Prime; _builder_version=\u00a0\u00bb4.14.9&Prime; _module_preset=\u00a0\u00bbdefault\u00a0\u00bb global_colors_info=\u00a0\u00bb{}\u00a0\u00bb][et_pb_text _builder_version=\u00a0\u00bb4.14.9&Prime; _module_preset=\u00a0\u00bbdefault\u00a0\u00bb global_colors_info=\u00a0\u00bb{}\u00a0\u00bb]<\/p>\n<h3><span style=\"font-weight: 400;\">Les indications:<\/span><\/h3>\n<ul>\n<li style=\"font-weight: 400;\" aria-level=\"1\"><span style=\"font-weight: 400;\">Pied: apon\u00e9vrosite plantaire, \u00e9pine calcan\u00e9enne, tendinite d\u2019Achille<\/span><\/li>\n<li style=\"font-weight: 400;\" aria-level=\"1\"><span style=\"font-weight: 400;\">Genou: syndrome de l\u2019essui glace<\/span><\/li>\n<li style=\"font-weight: 400;\" aria-level=\"1\"><span style=\"font-weight: 400;\">Hanche: tendinite du Moyen Fessier, du pyramidal du bassin (piriforme)<\/span><\/li>\n<li style=\"font-weight: 400;\" aria-level=\"1\"><span style=\"font-weight: 400;\">\u00c9paule: calcification, bursite\u00a0<\/span><\/li>\n<li style=\"font-weight: 400;\" aria-level=\"1\"><span style=\"font-weight: 400;\">Coude: \u00e9picondylite lat\u00e9rale (tennis elbow)<\/span><\/li>\n<li style=\"font-weight: 400;\" aria-level=\"1\"><span style=\"font-weight: 400;\">Main: tendinite de De Quervain<\/span><\/li>\n<\/ul>\n<p>[\/et_pb_text][\/et_pb_column][et_pb_column type=\u00a0\u00bb1_2&Prime; _builder_version=\u00a0\u00bb4.14.9&Prime; _module_preset=\u00a0\u00bbdefault\u00a0\u00bb global_colors_info=\u00a0\u00bb{}\u00a0\u00bb][et_pb_image src=\u00a0\u00bbhttps:\/\/kine-castel.fr\/wp-content\/uploads\/2022\/07\/onde-choc-traitement-reeducation.jpg\u00a0\u00bb title_text=\u00a0\u00bbonde-choc-traitement-reeducation\u00a0\u00bb _builder_version=\u00a0\u00bb4.14.9&Prime; _module_preset=\u00a0\u00bbdefault\u00a0\u00bb global_colors_info=\u00a0\u00bb{}\u00a0\u00bb][\/et_pb_image][\/et_pb_column][\/et_pb_row][\/et_pb_section][et_pb_section fb_built=\u00a0\u00bb1&Prime; _builder_version=\u00a0\u00bb4.14.9&Prime; _module_preset=\u00a0\u00bbdefault\u00a0\u00bb background_image=\u00a0\u00bbhttps:\/\/kine-castel.fr\/wp-content\/uploads\/2022\/07\/onde-choc-kine-castel-naudary.jpg\u00a0\u00bb background_position=\u00a0\u00bbbottom_center\u00a0\u00bb global_colors_info=\u00a0\u00bb{}\u00a0\u00bb][et_pb_row _builder_version=\u00a0\u00bb4.14.9&Prime; _module_preset=\u00a0\u00bbdefault\u00a0\u00bb width=\u00a0\u00bb100%\u00a0\u00bb max_width=\u00a0\u00bb2560px\u00a0\u00bb global_colors_info=\u00a0\u00bb{}\u00a0\u00bb][et_pb_column type=\u00a0\u00bb4_4&Prime; _builder_version=\u00a0\u00bb4.14.9&Prime; _module_preset=\u00a0\u00bbdefault\u00a0\u00bb global_colors_info=\u00a0\u00bb{}\u00a0\u00bb][et_pb_divider show_divider=\u00a0\u00bboff\u00a0\u00bb _builder_version=\u00a0\u00bb4.14.9&Prime; _module_preset=\u00a0\u00bbdefault\u00a0\u00bb height=\u00a0\u00bb60px\u00a0\u00bb global_colors_info=\u00a0\u00bb{}\u00a0\u00bb][\/et_pb_divider][et_pb_button button_url=\u00a0\u00bbhttps:\/\/www.doctolib.fr\/masseur-kinesitherapeute\/toulouse\/fabien-cadel\u00a0\u00bb button_text=\u00a0\u00bbPrendre rendez-vous\u00a0\u00bb button_alignment=\u00a0\u00bbcenter\u00a0\u00bb _builder_version=\u00a0\u00bb4.14.9&Prime; _module_preset=\u00a0\u00bbdefault\u00a0\u00bb custom_button=\u00a0\u00bbon\u00a0\u00bb button_text_color=\u00a0\u00bb#FFFFFF\u00a0\u00bb button_bg_color=\u00a0\u00bb#F46E00&Prime; button_border_color=\u00a0\u00bb#F46E00&Prime; button_border_radius=\u00a0\u00bb34px\u00a0\u00bb background_layout=\u00a0\u00bbdark\u00a0\u00bb global_colors_info=\u00a0\u00bb{}\u00a0\u00bb][\/et_pb_button][et_pb_divider show_divider=\u00a0\u00bboff\u00a0\u00bb _builder_version=\u00a0\u00bb4.14.9&Prime; _module_preset=\u00a0\u00bbdefault\u00a0\u00bb height=\u00a0\u00bb60px\u00a0\u00bb global_colors_info=\u00a0\u00bb{}\u00a0\u00bb][\/et_pb_divider][\/et_pb_column][\/et_pb_row][\/et_pb_section]<\/p>\n","protected":false},"excerpt":{"rendered":"<p>Ondes de choc Faites vous soigner par ondes de choc au cabinet kin\u00e9 castel \u00e0 CastelnaudaryLe cabinet Kin\u00e9 Castel est dot\u00e9 des ondes de choc radiales de derni\u00e8re g\u00e9n\u00e9ration. Mode de fonctionnement : Le kin\u00e9 place une sorte de petit pistolet \u00e0 l\u2019endroit voulu. Ce pistolet va g\u00e9n\u00e9rer une onde qui va choquer le tendon, [&hellip;]<\/p>\n","protected":false},"author":2,"featured_media":0,"parent":0,"menu_order":0,"comment_status":"closed","ping_status":"closed","template":"","meta":{"_et_pb_use_builder":"on","_et_pb_old_content":"","_et_gb_content_width":"","footnotes":""},"class_list":["post-63","page","type-page","status-publish","hentry"],"yoast_head":"<!-- This site is optimized with the Yoast SEO plugin v19.3 - https:\/\/yoast.com\/wordpress\/plugins\/seo\/ -->\n<title>Onde de choc - Kin\u00e9 Castel<\/title>\n<meta name=\"robots\" content=\"index, follow, max-snippet:-1, max-image-preview:large, max-video-preview:-1\" \/>\n<link rel=\"canonical\" href=\"https:\/\/kine-castel.fr\/?page_id=63\" \/>\n<meta property=\"og:locale\" content=\"fr_FR\" \/>\n<meta property=\"og:type\" content=\"article\" \/>\n<meta property=\"og:title\" content=\"Onde de choc - Kin\u00e9 Castel\" \/>\n<meta property=\"og:description\" content=\"Ondes de choc Faites vous soigner par ondes de choc au cabinet kin\u00e9 castel \u00e0 CastelnaudaryLe cabinet Kin\u00e9 Castel est dot\u00e9 des ondes de choc radiales de derni\u00e8re g\u00e9n\u00e9ration. Mode de fonctionnement : Le kin\u00e9 place une sorte de petit pistolet \u00e0 l\u2019endroit voulu. Ce pistolet va g\u00e9n\u00e9rer une onde qui va choquer le tendon, [&hellip;]\" \/>\n<meta property=\"og:url\" content=\"https:\/\/kine-castel.fr\/?page_id=63\" \/>\n<meta property=\"og:site_name\" content=\"Kin\u00e9 Castel\" \/>\n<meta property=\"article:modified_time\" content=\"2022-10-12T05:19:02+00:00\" \/>\n<meta name=\"twitter:card\" content=\"summary_large_image\" \/>\n<script type=\"application\/ld+json\" class=\"yoast-schema-graph\">{\"@context\":\"https:\/\/schema.org\",\"@graph\":[{\"@type\":\"WebSite\",\"@id\":\"https:\/\/kine-castel.fr\/#website\",\"url\":\"https:\/\/kine-castel.fr\/\",\"name\":\"Kin\u00e9 Castel\",\"description\":\"Fabien Cadel, masseur-kin\u00e9sith\u00e9rapeute \u00e0 Castelnaudary\",\"potentialAction\":[{\"@type\":\"SearchAction\",\"target\":{\"@type\":\"EntryPoint\",\"urlTemplate\":\"https:\/\/kine-castel.fr\/?s={search_term_string}\"},\"query-input\":\"required name=search_term_string\"}],\"inLanguage\":\"fr-FR\"},{\"@type\":\"WebPage\",\"@id\":\"https:\/\/kine-castel.fr\/?page_id=63\",\"url\":\"https:\/\/kine-castel.fr\/?page_id=63\",\"name\":\"Onde de choc - Kin\u00e9 Castel\",\"isPartOf\":{\"@id\":\"https:\/\/kine-castel.fr\/#website\"},\"datePublished\":\"2022-07-20T12:00:32+00:00\",\"dateModified\":\"2022-10-12T05:19:02+00:00\",\"breadcrumb\":{\"@id\":\"https:\/\/kine-castel.fr\/?page_id=63#breadcrumb\"},\"inLanguage\":\"fr-FR\",\"potentialAction\":[{\"@type\":\"ReadAction\",\"target\":[\"https:\/\/kine-castel.fr\/?page_id=63\"]}]},{\"@type\":\"BreadcrumbList\",\"@id\":\"https:\/\/kine-castel.fr\/?page_id=63#breadcrumb\",\"itemListElement\":[{\"@type\":\"ListItem\",\"position\":1,\"name\":\"Accueil\",\"item\":\"https:\/\/kine-castel.fr\/\"},{\"@type\":\"ListItem\",\"position\":2,\"name\":\"Onde de choc\"}]}]}<\/script>\n<!-- \/ Yoast SEO plugin. -->","yoast_head_json":{"title":"Onde de choc - Kin\u00e9 Castel","robots":{"index":"index","follow":"follow","max-snippet":"max-snippet:-1","max-image-preview":"max-image-preview:large","max-video-preview":"max-video-preview:-1"},"canonical":"https:\/\/kine-castel.fr\/?page_id=63","og_locale":"fr_FR","og_type":"article","og_title":"Onde de choc - Kin\u00e9 Castel","og_description":"Ondes de choc Faites vous soigner par ondes de choc au cabinet kin\u00e9 castel \u00e0 CastelnaudaryLe cabinet Kin\u00e9 Castel est dot\u00e9 des ondes de choc radiales de derni\u00e8re g\u00e9n\u00e9ration. Mode de fonctionnement : Le kin\u00e9 place une sorte de petit pistolet \u00e0 l\u2019endroit voulu. Ce pistolet va g\u00e9n\u00e9rer une onde qui va choquer le tendon, [&hellip;]","og_url":"https:\/\/kine-castel.fr\/?page_id=63","og_site_name":"Kin\u00e9 Castel","article_modified_time":"2022-10-12T05:19:02+00:00","twitter_card":"summary_large_image","schema":{"@context":"https:\/\/schema.org","@graph":[{"@type":"WebSite","@id":"https:\/\/kine-castel.fr\/#website","url":"https:\/\/kine-castel.fr\/","name":"Kin\u00e9 Castel","description":"Fabien Cadel, masseur-kin\u00e9sith\u00e9rapeute \u00e0 Castelnaudary","potentialAction":[{"@type":"SearchAction","target":{"@type":"EntryPoint","urlTemplate":"https:\/\/kine-castel.fr\/?s={search_term_string}"},"query-input":"required name=search_term_string"}],"inLanguage":"fr-FR"},{"@type":"WebPage","@id":"https:\/\/kine-castel.fr\/?page_id=63","url":"https:\/\/kine-castel.fr\/?page_id=63","name":"Onde de choc - Kin\u00e9 Castel","isPartOf":{"@id":"https:\/\/kine-castel.fr\/#website"},"datePublished":"2022-07-20T12:00:32+00:00","dateModified":"2022-10-12T05:19:02+00:00","breadcrumb":{"@id":"https:\/\/kine-castel.fr\/?page_id=63#breadcrumb"},"inLanguage":"fr-FR","potentialAction":[{"@type":"ReadAction","target":["https:\/\/kine-castel.fr\/?page_id=63"]}]},{"@type":"BreadcrumbList","@id":"https:\/\/kine-castel.fr\/?page_id=63#breadcrumb","itemListElement":[{"@type":"ListItem","position":1,"name":"Accueil","item":"https:\/\/kine-castel.fr\/"},{"@type":"ListItem","position":2,"name":"Onde de choc"}]}]}},"_links":{"self":[{"href":"https:\/\/kine-castel.fr\/index.php?rest_route=\/wp\/v2\/pages\/63","targetHints":{"allow":["GET"]}}],"collection":[{"href":"https:\/\/kine-castel.fr\/index.php?rest_route=\/wp\/v2\/pages"}],"about":[{"href":"https:\/\/kine-castel.fr\/index.php?rest_route=\/wp\/v2\/types\/page"}],"author":[{"embeddable":true,"href":"https:\/\/kine-castel.fr\/index.php?rest_route=\/wp\/v2\/users\/2"}],"replies":[{"embeddable":true,"href":"https:\/\/kine-castel.fr\/index.php?rest_route=%2Fwp%2Fv2%2Fcomments&post=63"}],"version-history":[{"count":7,"href":"https:\/\/kine-castel.fr\/index.php?rest_route=\/wp\/v2\/pages\/63\/revisions"}],"predecessor-version":[{"id":169,"href":"https:\/\/kine-castel.fr\/index.php?rest_route=\/wp\/v2\/pages\/63\/revisions\/169"}],"wp:attachment":[{"href":"https:\/\/kine-castel.fr\/index.php?rest_route=%2Fwp%2Fv2%2Fmedia&parent=63"}],"curies":[{"name":"wp","href":"https:\/\/api.w.org\/{rel}","templated":true}]}}