{"id":132,"date":"2022-07-21T20:19:54","date_gmt":"2022-07-21T20:19:54","guid":{"rendered":"https:\/\/kine-castel.fr\/?page_id=132"},"modified":"2022-10-12T05:31:15","modified_gmt":"2022-10-12T05:31:15","slug":"bottes-de-pressotherapie","status":"publish","type":"page","link":"https:\/\/kine-castel.fr\/?page_id=132","title":{"rendered":"Bottes de pressoth\u00e9rapie"},"content":{"rendered":"<p>[et_pb_section fb_built=\u00a0\u00bb1&Prime; _builder_version=\u00a0\u00bb4.14.9&Prime; _module_preset=\u00a0\u00bbdefault\u00a0\u00bb background_image=\u00a0\u00bbhttps:\/\/kine-castel.fr\/wp-content\/uploads\/2022\/07\/header-jambe-lourde-botte-pressotherapie.jpg\u00a0\u00bb background_position=\u00a0\u00bbcenter_right\u00a0\u00bb global_colors_info=\u00a0\u00bb{}\u00a0\u00bb][et_pb_row _builder_version=\u00a0\u00bb4.14.9&Prime; _module_preset=\u00a0\u00bbdefault\u00a0\u00bb global_colors_info=\u00a0\u00bb{}\u00a0\u00bb][et_pb_column type=\u00a0\u00bb4_4&Prime; _builder_version=\u00a0\u00bb4.14.9&Prime; _module_preset=\u00a0\u00bbdefault\u00a0\u00bb global_colors_info=\u00a0\u00bb{}\u00a0\u00bb][et_pb_divider show_divider=\u00a0\u00bboff\u00a0\u00bb _builder_version=\u00a0\u00bb4.14.9&Prime; _module_preset=\u00a0\u00bbdefault\u00a0\u00bb height=\u00a0\u00bb40px\u00a0\u00bb global_colors_info=\u00a0\u00bb{}\u00a0\u00bb][\/et_pb_divider][et_pb_text _builder_version=\u00a0\u00bb4.14.9&Prime; _module_preset=\u00a0\u00bbdefault\u00a0\u00bb header_text_align=\u00a0\u00bbcenter\u00a0\u00bb header_text_color=\u00a0\u00bb#090909&Prime; header_2_text_align=\u00a0\u00bbcenter\u00a0\u00bb background_color=\u00a0\u00bbrgba(255,255,255,0.32)\u00a0\u00bb custom_padding=\u00a0\u00bb20px||10px||false|false\u00a0\u00bb header_text_shadow_style=\u00a0\u00bbpreset3&Prime; header_text_shadow_blur_strength=\u00a0\u00bb1.21em\u00a0\u00bb header_text_shadow_color=\u00a0\u00bb#FFFFFF\u00a0\u00bb header_2_text_shadow_style=\u00a0\u00bbpreset3&Prime; header_2_text_shadow_blur_strength=\u00a0\u00bb0.99em\u00a0\u00bb header_2_text_shadow_color=\u00a0\u00bb#FFFFFF\u00a0\u00bb global_colors_info=\u00a0\u00bb{}\u00a0\u00bb]<\/p>\n<h1>Bottes de pressoth\u00e9rapie<\/h1>\n<h2>Eliminez vos douleurs de jambes lourdes au cabinet kin\u00e9 castel \u00e0 Castelnaudary<\/h2>\n<p>[\/et_pb_text][et_pb_divider show_divider=\u00a0\u00bboff\u00a0\u00bb _builder_version=\u00a0\u00bb4.14.9&Prime; _module_preset=\u00a0\u00bbdefault\u00a0\u00bb height=\u00a0\u00bb40px\u00a0\u00bb global_colors_info=\u00a0\u00bb{}\u00a0\u00bb][\/et_pb_divider][et_pb_button button_url=\u00a0\u00bbhttps:\/\/www.doctolib.fr\/masseur-kinesitherapeute\/toulouse\/fabien-cadel\u00a0\u00bb button_text=\u00a0\u00bbPrendre rendez-vous\u00a0\u00bb button_alignment=\u00a0\u00bbcenter\u00a0\u00bb _builder_version=\u00a0\u00bb4.14.9&Prime; _module_preset=\u00a0\u00bbdefault\u00a0\u00bb custom_button=\u00a0\u00bbon\u00a0\u00bb button_text_color=\u00a0\u00bb#FFFFFF\u00a0\u00bb button_bg_color=\u00a0\u00bb#F46E00&Prime; button_border_color=\u00a0\u00bb#F46E00&Prime; button_border_radius=\u00a0\u00bb34px\u00a0\u00bb background_layout=\u00a0\u00bbdark\u00a0\u00bb global_colors_info=\u00a0\u00bb{}\u00a0\u00bb][\/et_pb_button][\/et_pb_column][\/et_pb_row][\/et_pb_section][et_pb_section fb_built=\u00a0\u00bb1&Prime; _builder_version=\u00a0\u00bb4.14.9&Prime; _module_preset=\u00a0\u00bbdefault\u00a0\u00bb background_color=\u00a0\u00bb#F2EEEB\u00a0\u00bb global_colors_info=\u00a0\u00bb{}\u00a0\u00bb][et_pb_row _builder_version=\u00a0\u00bb4.14.9&Prime; _module_preset=\u00a0\u00bbdefault\u00a0\u00bb global_colors_info=\u00a0\u00bb{}\u00a0\u00bb][et_pb_column type=\u00a0\u00bb4_4&Prime; _builder_version=\u00a0\u00bb4.14.9&Prime; _module_preset=\u00a0\u00bbdefault\u00a0\u00bb global_colors_info=\u00a0\u00bb{}\u00a0\u00bb][et_pb_text _builder_version=\u00a0\u00bb4.14.9&Prime; _module_preset=\u00a0\u00bbdefault\u00a0\u00bb global_colors_info=\u00a0\u00bb{}\u00a0\u00bb]<\/p>\n<h2><span style=\"font-weight: 400;\">Qu\u2019est-ce que les bottes de pressoth\u00e9rapie ?<\/span><\/h2>\n<p><span style=\"font-weight: 400;\">La pressoth\u00e9rapie est la mise en place de manchons (jambes ou bras) qui comprennent 12 chambres de compression. <\/span><\/p>\n<p><span style=\"font-weight: 400;\">Ces chambres se superposent les unes aux autres pour \u00e9viter l\u2019effet \u00ab\u00a0t\u00f4le ondul\u00e9e\u00a0\u00bb \u00e0 la fin du drainage. Les bottes sont reli\u00e9es \u00e0 une machine qui va g\u00e9n\u00e9rer une pression pr\u00e9alablement r\u00e9gl\u00e9e par le Kin\u00e9 en fonction de votre affection.<\/span><\/p>\n<p>&nbsp;<\/p>\n<p>[\/et_pb_text][et_pb_button button_url=\u00a0\u00bbhttps:\/\/www.doctolib.fr\/masseur-kinesitherapeute\/toulouse\/fabien-cadel\u00a0\u00bb button_text=\u00a0\u00bbPrendre rendez-vous\u00a0\u00bb button_alignment=\u00a0\u00bbcenter\u00a0\u00bb _builder_version=\u00a0\u00bb4.14.9&Prime; _module_preset=\u00a0\u00bbdefault\u00a0\u00bb custom_button=\u00a0\u00bbon\u00a0\u00bb button_text_color=\u00a0\u00bb#FFFFFF\u00a0\u00bb button_bg_color=\u00a0\u00bb#F46E00&Prime; button_border_color=\u00a0\u00bb#F46E00&Prime; button_border_radius=\u00a0\u00bb34px\u00a0\u00bb background_layout=\u00a0\u00bbdark\u00a0\u00bb global_colors_info=\u00a0\u00bb{}\u00a0\u00bb][\/et_pb_button][\/et_pb_column][\/et_pb_row][\/et_pb_section][et_pb_section fb_built=\u00a0\u00bb1&Prime; _builder_version=\u00a0\u00bb4.14.9&Prime; _module_preset=\u00a0\u00bbdefault\u00a0\u00bb custom_padding=\u00a0\u00bb14px||8px|||\u00a0\u00bb global_colors_info=\u00a0\u00bb{}\u00a0\u00bb][et_pb_row column_structure=\u00a0\u00bb1_2,1_2&Prime; _builder_version=\u00a0\u00bb4.14.9&Prime; _module_preset=\u00a0\u00bbdefault\u00a0\u00bb global_colors_info=\u00a0\u00bb{}\u00a0\u00bb][et_pb_column type=\u00a0\u00bb1_2&Prime; _builder_version=\u00a0\u00bb4.14.9&Prime; _module_preset=\u00a0\u00bbdefault\u00a0\u00bb global_colors_info=\u00a0\u00bb{}\u00a0\u00bb][et_pb_image src=\u00a0\u00bbhttps:\/\/kine-castel.fr\/wp-content\/uploads\/2022\/07\/douleur-jambe-lourde.jpg\u00a0\u00bb title_text=\u00a0\u00bbdouleur-jambe-lourde\u00a0\u00bb _builder_version=\u00a0\u00bb4.14.9&Prime; _module_preset=\u00a0\u00bbdefault\u00a0\u00bb global_colors_info=\u00a0\u00bb{}\u00a0\u00bb][\/et_pb_image][\/et_pb_column][et_pb_column type=\u00a0\u00bb1_2&Prime; _builder_version=\u00a0\u00bb4.14.9&Prime; _module_preset=\u00a0\u00bbdefault\u00a0\u00bb global_colors_info=\u00a0\u00bb{}\u00a0\u00bb][et_pb_text _builder_version=\u00a0\u00bb4.14.9&Prime; _module_preset=\u00a0\u00bbdefault\u00a0\u00bb global_colors_info=\u00a0\u00bb{}\u00a0\u00bb]<\/p>\n<h2><span style=\"font-weight: 400;\">Quels en sont les effets ?<\/span><\/h2>\n<p><span style=\"font-weight: 400;\">L\u2019effet de compression\/d\u00e9compression de l\u2019extr\u00e9mit\u00e9 du membre vers son origine permet un retour veineux et\/ou lymphatique accru. Cela engendre \u00e9galement une apport de sang riche en oxyg\u00e8ne qui permettra une meilleure perfusion des tissus.<\/span><\/p>\n<p><span style=\"font-weight: 400;\">La\/les pressions utilis\u00e9es sont entre 20 et 40 mmHg (millim\u00e8tre de mercure = unit\u00e9 de mesure de la pression). Au-del\u00e0 de cette pression l\u2019effet sera inverse.<\/span><\/p>\n<p>[\/et_pb_text][\/et_pb_column][\/et_pb_row][\/et_pb_section][et_pb_section fb_built=\u00a0\u00bb1&Prime; _builder_version=\u00a0\u00bb4.14.9&Prime; _module_preset=\u00a0\u00bbdefault\u00a0\u00bb custom_padding=\u00a0\u00bb14px||8px|||\u00a0\u00bb global_colors_info=\u00a0\u00bb{}\u00a0\u00bb][et_pb_row column_structure=\u00a0\u00bb1_2,1_2&Prime; _builder_version=\u00a0\u00bb4.14.9&Prime; _module_preset=\u00a0\u00bbdefault\u00a0\u00bb global_colors_info=\u00a0\u00bb{}\u00a0\u00bb][et_pb_column type=\u00a0\u00bb1_2&Prime; _builder_version=\u00a0\u00bb4.14.9&Prime; _module_preset=\u00a0\u00bbdefault\u00a0\u00bb global_colors_info=\u00a0\u00bb{}\u00a0\u00bb][et_pb_text _builder_version=\u00a0\u00bb4.14.9&Prime; _module_preset=\u00a0\u00bbdefault\u00a0\u00bb hover_enabled=\u00a0\u00bb0&Prime; global_colors_info=\u00a0\u00bb{}\u00a0\u00bb sticky_enabled=\u00a0\u00bb0&Prime;]<\/p>\n<h2><span style=\"font-weight: 400;\">Un suivi par un professionnelle de sant\u00e9<\/span><\/h2>\n<p><span style=\"font-weight: 400;\">Au cabinet Kin\u00e9 Castel, le kin\u00e9sith\u00e9rapeute vous donnera \u00e9galement des conseils d\u2019hygi\u00e8ne de vie, vous prescrira s\u2019il y a lieu des contentions adapt\u00e9es pour augmenter l\u2019efficacit\u00e9 du traitement.<\/span><\/p>\n<p>[\/et_pb_text][et_pb_text _builder_version=\u00a0\u00bb4.14.9&Prime; _module_preset=\u00a0\u00bbdefault\u00a0\u00bb global_colors_info=\u00a0\u00bb{}\u00a0\u00bb]<\/p>\n<h2><span style=\"font-weight: 400;\">Les indications les plus courantes:<\/span><\/h2>\n<ul>\n<li style=\"font-weight: 400;\" aria-level=\"1\"><span style=\"font-weight: 400;\">Jambes lourdes<\/span><\/li>\n<li style=\"font-weight: 400;\" aria-level=\"1\"><span style=\"font-weight: 400;\">Syndrome des jambes sans repos<\/span><\/li>\n<li style=\"font-weight: 400;\" aria-level=\"1\"><span style=\"font-weight: 400;\">Insuffisance veineuse<\/span><\/li>\n<li style=\"font-weight: 400;\" aria-level=\"1\"><span style=\"font-weight: 400;\">Conflit veino-lymphatique<\/span><\/li>\n<li style=\"font-weight: 400;\" aria-level=\"1\"><span style=\"font-weight: 400;\">Ulc\u00e9ration de peau, plaie<\/span><\/li>\n<\/ul>\n<p>[\/et_pb_text][\/et_pb_column][et_pb_column type=\u00a0\u00bb1_2&Prime; _builder_version=\u00a0\u00bb4.14.9&Prime; _module_preset=\u00a0\u00bbdefault\u00a0\u00bb global_colors_info=\u00a0\u00bb{}\u00a0\u00bb][et_pb_image src=\u00a0\u00bbhttps:\/\/kine-castel.fr\/wp-content\/uploads\/2022\/07\/kine-castel-jambe-lourde-botte-pressotherapie.jpg\u00a0\u00bb title_text=\u00a0\u00bbkine-castel-jambe-lourde-botte-pressotherapie\u00a0\u00bb align=\u00a0\u00bbcenter\u00a0\u00bb _builder_version=\u00a0\u00bb4.14.9&Prime; _module_preset=\u00a0\u00bbdefault\u00a0\u00bb global_colors_info=\u00a0\u00bb{}\u00a0\u00bb][\/et_pb_image][\/et_pb_column][\/et_pb_row][\/et_pb_section][et_pb_section fb_built=\u00a0\u00bb1&Prime; _builder_version=\u00a0\u00bb4.14.9&Prime; _module_preset=\u00a0\u00bbdefault\u00a0\u00bb background_image=\u00a0\u00bbhttps:\/\/kine-castel.fr\/wp-content\/uploads\/2022\/07\/appareil-botte-pressotherapie-cabinet-kine-castel-castelnaudary.jpg\u00a0\u00bb global_colors_info=\u00a0\u00bb{}\u00a0\u00bb][et_pb_row _builder_version=\u00a0\u00bb4.14.9&Prime; _module_preset=\u00a0\u00bbdefault\u00a0\u00bb width=\u00a0\u00bb100%\u00a0\u00bb max_width=\u00a0\u00bb2560px\u00a0\u00bb global_colors_info=\u00a0\u00bb{}\u00a0\u00bb][et_pb_column type=\u00a0\u00bb4_4&Prime; _builder_version=\u00a0\u00bb4.14.9&Prime; _module_preset=\u00a0\u00bbdefault\u00a0\u00bb global_colors_info=\u00a0\u00bb{}\u00a0\u00bb][et_pb_divider show_divider=\u00a0\u00bboff\u00a0\u00bb _builder_version=\u00a0\u00bb4.14.9&Prime; _module_preset=\u00a0\u00bbdefault\u00a0\u00bb height=\u00a0\u00bb60px\u00a0\u00bb global_colors_info=\u00a0\u00bb{}\u00a0\u00bb][\/et_pb_divider][et_pb_button button_url=\u00a0\u00bbhttps:\/\/www.doctolib.fr\/masseur-kinesitherapeute\/toulouse\/fabien-cadel\u00a0\u00bb button_text=\u00a0\u00bbPrendre rendez-vous\u00a0\u00bb button_alignment=\u00a0\u00bbcenter\u00a0\u00bb _builder_version=\u00a0\u00bb4.14.9&Prime; _module_preset=\u00a0\u00bbdefault\u00a0\u00bb custom_button=\u00a0\u00bbon\u00a0\u00bb button_text_color=\u00a0\u00bb#FFFFFF\u00a0\u00bb button_bg_color=\u00a0\u00bb#F46E00&Prime; button_border_color=\u00a0\u00bb#F46E00&Prime; button_border_radius=\u00a0\u00bb34px\u00a0\u00bb background_layout=\u00a0\u00bbdark\u00a0\u00bb global_colors_info=\u00a0\u00bb{}\u00a0\u00bb][\/et_pb_button][et_pb_divider show_divider=\u00a0\u00bboff\u00a0\u00bb _builder_version=\u00a0\u00bb4.14.9&Prime; _module_preset=\u00a0\u00bbdefault\u00a0\u00bb height=\u00a0\u00bb60px\u00a0\u00bb global_colors_info=\u00a0\u00bb{}\u00a0\u00bb][\/et_pb_divider][\/et_pb_column][\/et_pb_row][\/et_pb_section]<\/p>\n","protected":false},"excerpt":{"rendered":"<p>Bottes de pressoth\u00e9rapie Eliminez vos douleurs de jambes lourdes au cabinet kin\u00e9 castel \u00e0 CastelnaudaryQu\u2019est-ce que les bottes de pressoth\u00e9rapie ? La pressoth\u00e9rapie est la mise en place de manchons (jambes ou bras) qui comprennent 12 chambres de compression. Ces chambres se superposent les unes aux autres pour \u00e9viter l\u2019effet \u00ab\u00a0t\u00f4le ondul\u00e9e\u00a0\u00bb \u00e0 la fin [&hellip;]<\/p>\n","protected":false},"author":2,"featured_media":0,"parent":0,"menu_order":0,"comment_status":"closed","ping_status":"closed","template":"","meta":{"_et_pb_use_builder":"on","_et_pb_old_content":"","_et_gb_content_width":"","footnotes":""},"class_list":["post-132","page","type-page","status-publish","hentry"],"yoast_head":"<!-- This site is optimized with the Yoast SEO plugin v19.3 - https:\/\/yoast.com\/wordpress\/plugins\/seo\/ -->\n<title>Bottes de pressoth\u00e9rapie - Kin\u00e9 Castel<\/title>\n<meta name=\"robots\" content=\"index, follow, max-snippet:-1, max-image-preview:large, max-video-preview:-1\" \/>\n<link rel=\"canonical\" href=\"https:\/\/kine-castel.fr\/?page_id=132\" \/>\n<meta property=\"og:locale\" content=\"fr_FR\" \/>\n<meta property=\"og:type\" content=\"article\" \/>\n<meta property=\"og:title\" content=\"Bottes de pressoth\u00e9rapie - Kin\u00e9 Castel\" \/>\n<meta property=\"og:description\" content=\"Bottes de pressoth\u00e9rapie Eliminez vos douleurs de jambes lourdes au cabinet kin\u00e9 castel \u00e0 CastelnaudaryQu\u2019est-ce que les bottes de pressoth\u00e9rapie ? La pressoth\u00e9rapie est la mise en place de manchons (jambes ou bras) qui comprennent 12 chambres de compression. Ces chambres se superposent les unes aux autres pour \u00e9viter l\u2019effet \u00ab\u00a0t\u00f4le ondul\u00e9e\u00a0\u00bb \u00e0 la fin [&hellip;]\" \/>\n<meta property=\"og:url\" content=\"https:\/\/kine-castel.fr\/?page_id=132\" \/>\n<meta property=\"og:site_name\" content=\"Kin\u00e9 Castel\" \/>\n<meta property=\"article:modified_time\" content=\"2022-10-12T05:31:15+00:00\" \/>\n<meta name=\"twitter:card\" content=\"summary_large_image\" \/>\n<script type=\"application\/ld+json\" class=\"yoast-schema-graph\">{\"@context\":\"https:\/\/schema.org\",\"@graph\":[{\"@type\":\"WebSite\",\"@id\":\"https:\/\/kine-castel.fr\/#website\",\"url\":\"https:\/\/kine-castel.fr\/\",\"name\":\"Kin\u00e9 Castel\",\"description\":\"Fabien Cadel, masseur-kin\u00e9sith\u00e9rapeute \u00e0 Castelnaudary\",\"potentialAction\":[{\"@type\":\"SearchAction\",\"target\":{\"@type\":\"EntryPoint\",\"urlTemplate\":\"https:\/\/kine-castel.fr\/?s={search_term_string}\"},\"query-input\":\"required name=search_term_string\"}],\"inLanguage\":\"fr-FR\"},{\"@type\":\"WebPage\",\"@id\":\"https:\/\/kine-castel.fr\/?page_id=132\",\"url\":\"https:\/\/kine-castel.fr\/?page_id=132\",\"name\":\"Bottes de pressoth\u00e9rapie - Kin\u00e9 Castel\",\"isPartOf\":{\"@id\":\"https:\/\/kine-castel.fr\/#website\"},\"datePublished\":\"2022-07-21T20:19:54+00:00\",\"dateModified\":\"2022-10-12T05:31:15+00:00\",\"breadcrumb\":{\"@id\":\"https:\/\/kine-castel.fr\/?page_id=132#breadcrumb\"},\"inLanguage\":\"fr-FR\",\"potentialAction\":[{\"@type\":\"ReadAction\",\"target\":[\"https:\/\/kine-castel.fr\/?page_id=132\"]}]},{\"@type\":\"BreadcrumbList\",\"@id\":\"https:\/\/kine-castel.fr\/?page_id=132#breadcrumb\",\"itemListElement\":[{\"@type\":\"ListItem\",\"position\":1,\"name\":\"Accueil\",\"item\":\"https:\/\/kine-castel.fr\/\"},{\"@type\":\"ListItem\",\"position\":2,\"name\":\"Bottes de pressoth\u00e9rapie\"}]}]}<\/script>\n<!-- \/ Yoast SEO plugin. -->","yoast_head_json":{"title":"Bottes de pressoth\u00e9rapie - Kin\u00e9 Castel","robots":{"index":"index","follow":"follow","max-snippet":"max-snippet:-1","max-image-preview":"max-image-preview:large","max-video-preview":"max-video-preview:-1"},"canonical":"https:\/\/kine-castel.fr\/?page_id=132","og_locale":"fr_FR","og_type":"article","og_title":"Bottes de pressoth\u00e9rapie - Kin\u00e9 Castel","og_description":"Bottes de pressoth\u00e9rapie Eliminez vos douleurs de jambes lourdes au cabinet kin\u00e9 castel \u00e0 CastelnaudaryQu\u2019est-ce que les bottes de pressoth\u00e9rapie ? La pressoth\u00e9rapie est la mise en place de manchons (jambes ou bras) qui comprennent 12 chambres de compression. Ces chambres se superposent les unes aux autres pour \u00e9viter l\u2019effet \u00ab\u00a0t\u00f4le ondul\u00e9e\u00a0\u00bb \u00e0 la fin [&hellip;]","og_url":"https:\/\/kine-castel.fr\/?page_id=132","og_site_name":"Kin\u00e9 Castel","article_modified_time":"2022-10-12T05:31:15+00:00","twitter_card":"summary_large_image","schema":{"@context":"https:\/\/schema.org","@graph":[{"@type":"WebSite","@id":"https:\/\/kine-castel.fr\/#website","url":"https:\/\/kine-castel.fr\/","name":"Kin\u00e9 Castel","description":"Fabien Cadel, masseur-kin\u00e9sith\u00e9rapeute \u00e0 Castelnaudary","potentialAction":[{"@type":"SearchAction","target":{"@type":"EntryPoint","urlTemplate":"https:\/\/kine-castel.fr\/?s={search_term_string}"},"query-input":"required name=search_term_string"}],"inLanguage":"fr-FR"},{"@type":"WebPage","@id":"https:\/\/kine-castel.fr\/?page_id=132","url":"https:\/\/kine-castel.fr\/?page_id=132","name":"Bottes de pressoth\u00e9rapie - Kin\u00e9 Castel","isPartOf":{"@id":"https:\/\/kine-castel.fr\/#website"},"datePublished":"2022-07-21T20:19:54+00:00","dateModified":"2022-10-12T05:31:15+00:00","breadcrumb":{"@id":"https:\/\/kine-castel.fr\/?page_id=132#breadcrumb"},"inLanguage":"fr-FR","potentialAction":[{"@type":"ReadAction","target":["https:\/\/kine-castel.fr\/?page_id=132"]}]},{"@type":"BreadcrumbList","@id":"https:\/\/kine-castel.fr\/?page_id=132#breadcrumb","itemListElement":[{"@type":"ListItem","position":1,"name":"Accueil","item":"https:\/\/kine-castel.fr\/"},{"@type":"ListItem","position":2,"name":"Bottes de pressoth\u00e9rapie"}]}]}},"_links":{"self":[{"href":"https:\/\/kine-castel.fr\/index.php?rest_route=\/wp\/v2\/pages\/132","targetHints":{"allow":["GET"]}}],"collection":[{"href":"https:\/\/kine-castel.fr\/index.php?rest_route=\/wp\/v2\/pages"}],"about":[{"href":"https:\/\/kine-castel.fr\/index.php?rest_route=\/wp\/v2\/types\/page"}],"author":[{"embeddable":true,"href":"https:\/\/kine-castel.fr\/index.php?rest_route=\/wp\/v2\/users\/2"}],"replies":[{"embeddable":true,"href":"https:\/\/kine-castel.fr\/index.php?rest_route=%2Fwp%2Fv2%2Fcomments&post=132"}],"version-history":[{"count":3,"href":"https:\/\/kine-castel.fr\/index.php?rest_route=\/wp\/v2\/pages\/132\/revisions"}],"predecessor-version":[{"id":178,"href":"https:\/\/kine-castel.fr\/index.php?rest_route=\/wp\/v2\/pages\/132\/revisions\/178"}],"wp:attachment":[{"href":"https:\/\/kine-castel.fr\/index.php?rest_route=%2Fwp%2Fv2%2Fmedia&parent=132"}],"curies":[{"name":"wp","href":"https:\/\/api.w.org\/{rel}","templated":true}]}}