{"id":116,"date":"2022-07-20T14:13:54","date_gmt":"2022-07-20T14:13:54","guid":{"rendered":"https:\/\/kine-castel.fr\/?page_id=116"},"modified":"2022-10-12T05:25:38","modified_gmt":"2022-10-12T05:25:38","slug":"perte-de-poids","status":"publish","type":"page","link":"https:\/\/kine-castel.fr\/?page_id=116","title":{"rendered":"Perte de poids"},"content":{"rendered":"<p>[et_pb_section fb_built=\u00a0\u00bb1&Prime; _builder_version=\u00a0\u00bb4.14.9&Prime; _module_preset=\u00a0\u00bbdefault\u00a0\u00bb background_image=\u00a0\u00bbhttps:\/\/kine-castel.fr\/wp-content\/uploads\/2022\/07\/header-perte-poid-kine-castelnaudary.jpg\u00a0\u00bb background_position=\u00a0\u00bbcenter_right\u00a0\u00bb bottom_divider_style=\u00a0\u00bbarrow\u00a0\u00bb bottom_divider_color=\u00a0\u00bb#F2EEEB\u00a0\u00bb bottom_divider_height=\u00a0\u00bb30px\u00a0\u00bb bottom_divider_flip=\u00a0\u00bbvertical\u00a0\u00bb global_colors_info=\u00a0\u00bb{}\u00a0\u00bb][et_pb_row _builder_version=\u00a0\u00bb4.14.9&Prime; _module_preset=\u00a0\u00bbdefault\u00a0\u00bb global_colors_info=\u00a0\u00bb{}\u00a0\u00bb][et_pb_column type=\u00a0\u00bb4_4&Prime; _builder_version=\u00a0\u00bb4.14.9&Prime; _module_preset=\u00a0\u00bbdefault\u00a0\u00bb global_colors_info=\u00a0\u00bb{}\u00a0\u00bb][et_pb_divider show_divider=\u00a0\u00bboff\u00a0\u00bb _builder_version=\u00a0\u00bb4.14.9&Prime; _module_preset=\u00a0\u00bbdefault\u00a0\u00bb height=\u00a0\u00bb40px\u00a0\u00bb global_colors_info=\u00a0\u00bb{}\u00a0\u00bb][\/et_pb_divider][et_pb_text _builder_version=\u00a0\u00bb4.14.9&Prime; _module_preset=\u00a0\u00bbdefault\u00a0\u00bb header_text_align=\u00a0\u00bbcenter\u00a0\u00bb header_text_color=\u00a0\u00bb#090909&Prime; header_2_text_align=\u00a0\u00bbcenter\u00a0\u00bb background_color=\u00a0\u00bbrgba(255,255,255,0.32)\u00a0\u00bb custom_padding=\u00a0\u00bb20px||10px||false|false\u00a0\u00bb hover_enabled=\u00a0\u00bb0&Prime; header_text_shadow_style=\u00a0\u00bbpreset3&Prime; header_text_shadow_blur_strength=\u00a0\u00bb1.21em\u00a0\u00bb header_text_shadow_color=\u00a0\u00bb#FFFFFF\u00a0\u00bb header_2_text_shadow_style=\u00a0\u00bbpreset3&Prime; header_2_text_shadow_blur_strength=\u00a0\u00bb0.99em\u00a0\u00bb header_2_text_shadow_color=\u00a0\u00bb#FFFFFF\u00a0\u00bb global_colors_info=\u00a0\u00bb{}\u00a0\u00bb sticky_enabled=\u00a0\u00bb0&Prime;]<\/p>\n<h1>Perte de poid et r\u00e9\u00e9ducation cardio-vasculaire<\/h1>\n<h2>Faites vous aider pour perdre du poids au cabinet kin\u00e9 castel \u00e0 Castelnaudary<\/h2>\n<p>[\/et_pb_text][et_pb_divider show_divider=\u00a0\u00bboff\u00a0\u00bb _builder_version=\u00a0\u00bb4.14.9&Prime; _module_preset=\u00a0\u00bbdefault\u00a0\u00bb height=\u00a0\u00bb40px\u00a0\u00bb global_colors_info=\u00a0\u00bb{}\u00a0\u00bb][\/et_pb_divider][et_pb_button button_url=\u00a0\u00bbhttps:\/\/www.doctolib.fr\/masseur-kinesitherapeute\/toulouse\/fabien-cadel\u00a0\u00bb button_text=\u00a0\u00bbPrendre rendez-vous\u00a0\u00bb button_alignment=\u00a0\u00bbcenter\u00a0\u00bb _builder_version=\u00a0\u00bb4.14.9&Prime; _module_preset=\u00a0\u00bbdefault\u00a0\u00bb custom_button=\u00a0\u00bbon\u00a0\u00bb button_text_color=\u00a0\u00bb#FFFFFF\u00a0\u00bb button_bg_color=\u00a0\u00bb#F46E00&Prime; button_border_color=\u00a0\u00bb#F46E00&Prime; button_border_radius=\u00a0\u00bb34px\u00a0\u00bb background_layout=\u00a0\u00bbdark\u00a0\u00bb global_colors_info=\u00a0\u00bb{}\u00a0\u00bb][\/et_pb_button][\/et_pb_column][\/et_pb_row][\/et_pb_section][et_pb_section fb_built=\u00a0\u00bb1&Prime; next_background_color=\u00a0\u00bb#ffffff\u00a0\u00bb _builder_version=\u00a0\u00bb4.14.9&Prime; _module_preset=\u00a0\u00bbdefault\u00a0\u00bb background_color=\u00a0\u00bb#F2EEEB\u00a0\u00bb top_divider_style=\u00a0\u00bbarrow2&Prime; top_divider_color=\u00a0\u00bb#F2EEEB\u00a0\u00bb top_divider_height=\u00a0\u00bb29px\u00a0\u00bb bottom_divider_style=\u00a0\u00bbarrow\u00a0\u00bb bottom_divider_height=\u00a0\u00bb30px\u00a0\u00bb global_colors_info=\u00a0\u00bb{}\u00a0\u00bb][et_pb_row _builder_version=\u00a0\u00bb4.14.9&Prime; _module_preset=\u00a0\u00bbdefault\u00a0\u00bb global_colors_info=\u00a0\u00bb{}\u00a0\u00bb][et_pb_column type=\u00a0\u00bb4_4&Prime; _builder_version=\u00a0\u00bb4.14.9&Prime; _module_preset=\u00a0\u00bbdefault\u00a0\u00bb global_colors_info=\u00a0\u00bb{}\u00a0\u00bb][et_pb_text _builder_version=\u00a0\u00bb4.14.9&Prime; _module_preset=\u00a0\u00bbdefault\u00a0\u00bb hover_enabled=\u00a0\u00bb0&Prime; global_colors_info=\u00a0\u00bb{}\u00a0\u00bb sticky_enabled=\u00a0\u00bb0&Prime;]<\/p>\n<h2><span style=\"font-weight: 400;\">Au cabinet Kin\u00e9 Castel, on vous aide dans votre d\u00e9sir de perte de poids que ce soit:<\/span><\/h2>\n<ul>\n<li style=\"font-weight: 400;\" aria-level=\"1\"><span style=\"font-weight: 400;\">Avant\/apr\u00e8s une op\u00e9ration comme la pose d\u2019un anneau gastrique, d\u2019un by-pass<\/span><\/li>\n<li style=\"font-weight: 400;\" aria-level=\"1\"><span style=\"font-weight: 400;\">Pour une remise en forme et un renforcement musculaire\u00a0 et respiratoire globale<\/span><\/li>\n<li style=\"font-weight: 400;\" aria-level=\"1\"><span style=\"font-weight: 400;\">Pour am\u00e9liorer votre qualit\u00e9 de vie suite \u00e0 un alitement prolong\u00e9, un d\u00e9conditionnement \u00e0 l\u2019effort<\/span><\/li>\n<li style=\"font-weight: 400;\" aria-level=\"1\"><span style=\"font-weight: 400;\">Pour des conseils d\u2019hygi\u00e8ne de vie et de nutrition<\/span><\/li>\n<\/ul>\n<p>&nbsp;<\/p>\n<p>[\/et_pb_text][et_pb_button button_url=\u00a0\u00bbhttps:\/\/www.doctolib.fr\/masseur-kinesitherapeute\/toulouse\/fabien-cadel\u00a0\u00bb button_text=\u00a0\u00bbPrendre rendez-vous\u00a0\u00bb button_alignment=\u00a0\u00bbcenter\u00a0\u00bb _builder_version=\u00a0\u00bb4.14.9&Prime; _module_preset=\u00a0\u00bbdefault\u00a0\u00bb custom_button=\u00a0\u00bbon\u00a0\u00bb button_text_color=\u00a0\u00bb#FFFFFF\u00a0\u00bb button_bg_color=\u00a0\u00bb#F46E00&Prime; button_border_color=\u00a0\u00bb#F46E00&Prime; button_border_radius=\u00a0\u00bb34px\u00a0\u00bb background_layout=\u00a0\u00bbdark\u00a0\u00bb global_colors_info=\u00a0\u00bb{}\u00a0\u00bb][\/et_pb_button][\/et_pb_column][\/et_pb_row][\/et_pb_section][et_pb_section fb_built=\u00a0\u00bb1&Prime; _builder_version=\u00a0\u00bb4.14.9&Prime; _module_preset=\u00a0\u00bbdefault\u00a0\u00bb custom_padding=\u00a0\u00bb14px||8px|||\u00a0\u00bb global_colors_info=\u00a0\u00bb{}\u00a0\u00bb][et_pb_row column_structure=\u00a0\u00bb1_2,1_2&Prime; _builder_version=\u00a0\u00bb4.14.9&Prime; _module_preset=\u00a0\u00bbdefault\u00a0\u00bb global_colors_info=\u00a0\u00bb{}\u00a0\u00bb][et_pb_column type=\u00a0\u00bb1_2&Prime; _builder_version=\u00a0\u00bb4.14.9&Prime; _module_preset=\u00a0\u00bbdefault\u00a0\u00bb global_colors_info=\u00a0\u00bb{}\u00a0\u00bb][et_pb_image src=\u00a0\u00bbhttps:\/\/kine-castel.fr\/wp-content\/uploads\/2022\/07\/perte-poid-kine-castel.jpg\u00a0\u00bb title_text=\u00a0\u00bbperte-poid-kine-castel\u00a0\u00bb align=\u00a0\u00bbcenter\u00a0\u00bb _builder_version=\u00a0\u00bb4.14.9&Prime; _module_preset=\u00a0\u00bbdefault\u00a0\u00bb global_colors_info=\u00a0\u00bb{}\u00a0\u00bb][\/et_pb_image][\/et_pb_column][et_pb_column type=\u00a0\u00bb1_2&Prime; _builder_version=\u00a0\u00bb4.14.9&Prime; _module_preset=\u00a0\u00bbdefault\u00a0\u00bb global_colors_info=\u00a0\u00bb{}\u00a0\u00bb][et_pb_text _builder_version=\u00a0\u00bb4.14.9&Prime; _module_preset=\u00a0\u00bbdefault\u00a0\u00bb global_colors_info=\u00a0\u00bb{}\u00a0\u00bb]<\/p>\n<h2><span style=\"font-weight: 400;\">Point de d\u00e9part<\/span><\/h2>\n<p><span style=\"font-weight: 400;\">Pour ce faire, nous r\u00e9alisons un bilan global de vos capacit\u00e9s, un bilan pond\u00e9ral sur balance \u00e0 imp\u00e9dancem\u00e9trie afin de conna\u00eetre la r\u00e9partition de votre pourcentage de masse musculaire, votre hydratation, votre pourcentage de graisse visc\u00e9rale..<\/span><\/p>\n<p><span style=\"font-weight: 400;\">Cette \u00e9tape est reproduite r\u00e9guli\u00e8rement pour pouvoir affiner la prise en charge et objectiver les effets.<\/span><\/p>\n<p>[\/et_pb_text][\/et_pb_column][\/et_pb_row][\/et_pb_section][et_pb_section fb_built=\u00a0\u00bb1&Prime; _builder_version=\u00a0\u00bb4.14.9&Prime; _module_preset=\u00a0\u00bbdefault\u00a0\u00bb global_colors_info=\u00a0\u00bb{}\u00a0\u00bb][et_pb_row column_structure=\u00a0\u00bb1_2,1_2&Prime; _builder_version=\u00a0\u00bb4.14.9&Prime; _module_preset=\u00a0\u00bbdefault\u00a0\u00bb global_colors_info=\u00a0\u00bb{}\u00a0\u00bb][et_pb_column type=\u00a0\u00bb1_2&Prime; _builder_version=\u00a0\u00bb4.14.9&Prime; _module_preset=\u00a0\u00bbdefault\u00a0\u00bb global_colors_info=\u00a0\u00bb{}\u00a0\u00bb][et_pb_text _builder_version=\u00a0\u00bb4.14.9&Prime; _module_preset=\u00a0\u00bbdefault\u00a0\u00bb global_colors_info=\u00a0\u00bb{}\u00a0\u00bb]<\/p>\n<h2><span style=\"font-weight: 400;\">Comment \u00e7a marche ?\u00a0<\/span><\/h2>\n<p><span style=\"font-weight: 400;\">Au niveau musculaire, les exercices et les programmes seront adapt\u00e9s \u00e0 votre condition. <\/span><\/p>\n<p><span style=\"font-weight: 400;\">Nous utiliserons des formats de travail courts mais intenses comme le HIIT (High Intensity Interval Training) qui ont un effet m\u00eame plusieurs heures apr\u00e8s la s\u00e9ance.<\/span><\/p>\n<p>[\/et_pb_text][\/et_pb_column][et_pb_column type=\u00a0\u00bb1_2&Prime; _builder_version=\u00a0\u00bb4.14.9&Prime; _module_preset=\u00a0\u00bbdefault\u00a0\u00bb global_colors_info=\u00a0\u00bb{}\u00a0\u00bb][et_pb_image src=\u00a0\u00bbhttps:\/\/kine-castel.fr\/wp-content\/uploads\/2022\/07\/Perte-poid-kine-castel-footer.jpg\u00a0\u00bb title_text=\u00a0\u00bbPerte-poid-kine-castel-footer\u00a0\u00bb align=\u00a0\u00bbcenter\u00a0\u00bb _builder_version=\u00a0\u00bb4.14.9&Prime; _module_preset=\u00a0\u00bbdefault\u00a0\u00bb global_colors_info=\u00a0\u00bb{}\u00a0\u00bb][\/et_pb_image][\/et_pb_column][\/et_pb_row][\/et_pb_section][et_pb_section fb_built=\u00a0\u00bb1&Prime; prev_background_color=\u00a0\u00bb#ffffff\u00a0\u00bb _builder_version=\u00a0\u00bb4.14.9&Prime; _module_preset=\u00a0\u00bbdefault\u00a0\u00bb background_image=\u00a0\u00bbhttps:\/\/kine-castel.fr\/wp-content\/uploads\/2022\/07\/salle-kine-sport-castelnaudary.jpg\u00a0\u00bb custom_padding=\u00a0\u00bb14px||8px|||\u00a0\u00bb top_divider_style=\u00a0\u00bbarrow\u00a0\u00bb top_divider_height=\u00a0\u00bb46px\u00a0\u00bb global_colors_info=\u00a0\u00bb{}\u00a0\u00bb][et_pb_row _builder_version=\u00a0\u00bb4.14.9&Prime; _module_preset=\u00a0\u00bbdefault\u00a0\u00bb width=\u00a0\u00bb100%\u00a0\u00bb max_width=\u00a0\u00bb2560px\u00a0\u00bb custom_padding=\u00a0\u00bb123px||122px|||\u00a0\u00bb global_colors_info=\u00a0\u00bb{}\u00a0\u00bb][et_pb_column type=\u00a0\u00bb4_4&Prime; _builder_version=\u00a0\u00bb4.14.9&Prime; _module_preset=\u00a0\u00bbdefault\u00a0\u00bb global_colors_info=\u00a0\u00bb{}\u00a0\u00bb][et_pb_button button_url=\u00a0\u00bbhttps:\/\/www.doctolib.fr\/masseur-kinesitherapeute\/toulouse\/fabien-cadel\u00a0\u00bb button_text=\u00a0\u00bbPrendre rendez-vous\u00a0\u00bb button_alignment=\u00a0\u00bbcenter\u00a0\u00bb _builder_version=\u00a0\u00bb4.14.9&Prime; _module_preset=\u00a0\u00bbdefault\u00a0\u00bb custom_button=\u00a0\u00bbon\u00a0\u00bb button_text_color=\u00a0\u00bb#FFFFFF\u00a0\u00bb button_bg_color=\u00a0\u00bb#F46E00&Prime; button_border_color=\u00a0\u00bb#F46E00&Prime; button_border_radius=\u00a0\u00bb34px\u00a0\u00bb background_layout=\u00a0\u00bbdark\u00a0\u00bb global_colors_info=\u00a0\u00bb{}\u00a0\u00bb][\/et_pb_button][\/et_pb_column][\/et_pb_row][\/et_pb_section]<\/p>\n","protected":false},"excerpt":{"rendered":"<p>Perte de poid et r\u00e9\u00e9ducation cardio-vasculaire Faites vous aider pour perdre du poids au cabinet kin\u00e9 castel \u00e0 CastelnaudaryAu cabinet Kin\u00e9 Castel, on vous aide dans votre d\u00e9sir de perte de poids que ce soit: Avant\/apr\u00e8s une op\u00e9ration comme la pose d\u2019un anneau gastrique, d\u2019un by-pass Pour une remise en forme et un renforcement musculaire\u00a0 [&hellip;]<\/p>\n","protected":false},"author":2,"featured_media":0,"parent":0,"menu_order":0,"comment_status":"closed","ping_status":"closed","template":"","meta":{"_et_pb_use_builder":"on","_et_pb_old_content":"","_et_gb_content_width":"","footnotes":""},"class_list":["post-116","page","type-page","status-publish","hentry"],"yoast_head":"<!-- This site is optimized with the Yoast SEO plugin v19.3 - https:\/\/yoast.com\/wordpress\/plugins\/seo\/ -->\n<title>Perte de poids - Kin\u00e9 Castel<\/title>\n<meta name=\"robots\" content=\"index, follow, max-snippet:-1, max-image-preview:large, max-video-preview:-1\" \/>\n<link rel=\"canonical\" href=\"https:\/\/kine-castel.fr\/?page_id=116\" \/>\n<meta property=\"og:locale\" content=\"fr_FR\" \/>\n<meta property=\"og:type\" content=\"article\" \/>\n<meta property=\"og:title\" content=\"Perte de poids - Kin\u00e9 Castel\" \/>\n<meta property=\"og:description\" content=\"Perte de poid et r\u00e9\u00e9ducation cardio-vasculaire Faites vous aider pour perdre du poids au cabinet kin\u00e9 castel \u00e0 CastelnaudaryAu cabinet Kin\u00e9 Castel, on vous aide dans votre d\u00e9sir de perte de poids que ce soit: Avant\/apr\u00e8s une op\u00e9ration comme la pose d\u2019un anneau gastrique, d\u2019un by-pass Pour une remise en forme et un renforcement musculaire\u00a0 [&hellip;]\" \/>\n<meta property=\"og:url\" content=\"https:\/\/kine-castel.fr\/?page_id=116\" \/>\n<meta property=\"og:site_name\" content=\"Kin\u00e9 Castel\" \/>\n<meta property=\"article:modified_time\" content=\"2022-10-12T05:25:38+00:00\" \/>\n<meta name=\"twitter:card\" content=\"summary_large_image\" \/>\n<script type=\"application\/ld+json\" class=\"yoast-schema-graph\">{\"@context\":\"https:\/\/schema.org\",\"@graph\":[{\"@type\":\"WebSite\",\"@id\":\"https:\/\/kine-castel.fr\/#website\",\"url\":\"https:\/\/kine-castel.fr\/\",\"name\":\"Kin\u00e9 Castel\",\"description\":\"Fabien Cadel, masseur-kin\u00e9sith\u00e9rapeute \u00e0 Castelnaudary\",\"potentialAction\":[{\"@type\":\"SearchAction\",\"target\":{\"@type\":\"EntryPoint\",\"urlTemplate\":\"https:\/\/kine-castel.fr\/?s={search_term_string}\"},\"query-input\":\"required name=search_term_string\"}],\"inLanguage\":\"fr-FR\"},{\"@type\":\"WebPage\",\"@id\":\"https:\/\/kine-castel.fr\/?page_id=116\",\"url\":\"https:\/\/kine-castel.fr\/?page_id=116\",\"name\":\"Perte de poids - Kin\u00e9 Castel\",\"isPartOf\":{\"@id\":\"https:\/\/kine-castel.fr\/#website\"},\"datePublished\":\"2022-07-20T14:13:54+00:00\",\"dateModified\":\"2022-10-12T05:25:38+00:00\",\"breadcrumb\":{\"@id\":\"https:\/\/kine-castel.fr\/?page_id=116#breadcrumb\"},\"inLanguage\":\"fr-FR\",\"potentialAction\":[{\"@type\":\"ReadAction\",\"target\":[\"https:\/\/kine-castel.fr\/?page_id=116\"]}]},{\"@type\":\"BreadcrumbList\",\"@id\":\"https:\/\/kine-castel.fr\/?page_id=116#breadcrumb\",\"itemListElement\":[{\"@type\":\"ListItem\",\"position\":1,\"name\":\"Accueil\",\"item\":\"https:\/\/kine-castel.fr\/\"},{\"@type\":\"ListItem\",\"position\":2,\"name\":\"Perte de poids\"}]}]}<\/script>\n<!-- \/ Yoast SEO plugin. -->","yoast_head_json":{"title":"Perte de poids - Kin\u00e9 Castel","robots":{"index":"index","follow":"follow","max-snippet":"max-snippet:-1","max-image-preview":"max-image-preview:large","max-video-preview":"max-video-preview:-1"},"canonical":"https:\/\/kine-castel.fr\/?page_id=116","og_locale":"fr_FR","og_type":"article","og_title":"Perte de poids - Kin\u00e9 Castel","og_description":"Perte de poid et r\u00e9\u00e9ducation cardio-vasculaire Faites vous aider pour perdre du poids au cabinet kin\u00e9 castel \u00e0 CastelnaudaryAu cabinet Kin\u00e9 Castel, on vous aide dans votre d\u00e9sir de perte de poids que ce soit: Avant\/apr\u00e8s une op\u00e9ration comme la pose d\u2019un anneau gastrique, d\u2019un by-pass Pour une remise en forme et un renforcement musculaire\u00a0 [&hellip;]","og_url":"https:\/\/kine-castel.fr\/?page_id=116","og_site_name":"Kin\u00e9 Castel","article_modified_time":"2022-10-12T05:25:38+00:00","twitter_card":"summary_large_image","schema":{"@context":"https:\/\/schema.org","@graph":[{"@type":"WebSite","@id":"https:\/\/kine-castel.fr\/#website","url":"https:\/\/kine-castel.fr\/","name":"Kin\u00e9 Castel","description":"Fabien Cadel, masseur-kin\u00e9sith\u00e9rapeute \u00e0 Castelnaudary","potentialAction":[{"@type":"SearchAction","target":{"@type":"EntryPoint","urlTemplate":"https:\/\/kine-castel.fr\/?s={search_term_string}"},"query-input":"required name=search_term_string"}],"inLanguage":"fr-FR"},{"@type":"WebPage","@id":"https:\/\/kine-castel.fr\/?page_id=116","url":"https:\/\/kine-castel.fr\/?page_id=116","name":"Perte de poids - Kin\u00e9 Castel","isPartOf":{"@id":"https:\/\/kine-castel.fr\/#website"},"datePublished":"2022-07-20T14:13:54+00:00","dateModified":"2022-10-12T05:25:38+00:00","breadcrumb":{"@id":"https:\/\/kine-castel.fr\/?page_id=116#breadcrumb"},"inLanguage":"fr-FR","potentialAction":[{"@type":"ReadAction","target":["https:\/\/kine-castel.fr\/?page_id=116"]}]},{"@type":"BreadcrumbList","@id":"https:\/\/kine-castel.fr\/?page_id=116#breadcrumb","itemListElement":[{"@type":"ListItem","position":1,"name":"Accueil","item":"https:\/\/kine-castel.fr\/"},{"@type":"ListItem","position":2,"name":"Perte de poids"}]}]}},"_links":{"self":[{"href":"https:\/\/kine-castel.fr\/index.php?rest_route=\/wp\/v2\/pages\/116","targetHints":{"allow":["GET"]}}],"collection":[{"href":"https:\/\/kine-castel.fr\/index.php?rest_route=\/wp\/v2\/pages"}],"about":[{"href":"https:\/\/kine-castel.fr\/index.php?rest_route=\/wp\/v2\/types\/page"}],"author":[{"embeddable":true,"href":"https:\/\/kine-castel.fr\/index.php?rest_route=\/wp\/v2\/users\/2"}],"replies":[{"embeddable":true,"href":"https:\/\/kine-castel.fr\/index.php?rest_route=%2Fwp%2Fv2%2Fcomments&post=116"}],"version-history":[{"count":4,"href":"https:\/\/kine-castel.fr\/index.php?rest_route=\/wp\/v2\/pages\/116\/revisions"}],"predecessor-version":[{"id":173,"href":"https:\/\/kine-castel.fr\/index.php?rest_route=\/wp\/v2\/pages\/116\/revisions\/173"}],"wp:attachment":[{"href":"https:\/\/kine-castel.fr\/index.php?rest_route=%2Fwp%2Fv2%2Fmedia&parent=116"}],"curies":[{"name":"wp","href":"https:\/\/api.w.org\/{rel}","templated":true}]}}